{"id":15,"date":"2020-08-17T15:07:29","date_gmt":"2020-08-17T18:07:29","guid":{"rendered":"https:\/\/stonecrystal.com.br\/fulget\/?page_id=15"},"modified":"2020-08-21T16:41:07","modified_gmt":"2020-08-21T19:41:07","slug":"diferenciais","status":"publish","type":"page","link":"https:\/\/stonecrystal.com.br\/fulget\/diferenciais\/","title":{"rendered":"Diferenciais"},"content":{"rendered":"<h3 class=\"style2\">Por que contratar a Stone Crystal?<\/h3>\n<p>Conhe\u00e7a nossos diferenciais e contrate uma empresa especializada na hora de instalar seu revestimento em Fulget!<\/p>\n<div class=\"su-table su-table-alternate\">\n<table>\n<tbody>\n<tr>\n<td>Atuamos exclusivamente com <strong>Fulget<\/strong>, resultando em servi\u00e7os especializados.<\/td>\n<\/tr>\n<tr>\n<td>Temos linha pr\u00f3pria exclusivamente desenvolvida para interior de piscinas.<\/td>\n<\/tr>\n<tr>\n<td>Cat\u00e1logo com granulaturas diversas, desde o &#8220;<em><strong>Fulget 00<\/strong><\/em>&#8220;, similar \u00e0 areia, at\u00e9 gr\u00e2nulos mais grossos.<\/td>\n<\/tr>\n<tr>\n<td>Atendemos renomados arquitetos e engenheiros, ampliando experi\u00eancias em parcerias.<\/td>\n<\/tr>\n<tr>\n<td>Atuamos exclusivamente com revestimento em <strong>Fulget<\/strong>.<\/td>\n<\/tr>\n<tr>\n<td>Fornecemos todo o material e instalamos, resultando em melhor custo x benef\u00edcio.<\/td>\n<\/tr>\n<tr>\n<td>Atendemos clientes exigentes e projetos de alto padr\u00e3o.<\/td>\n<\/tr>\n<tr>\n<td>Atuamos em todo o RJ e MG, com equipe pr\u00f3pria, em ambos os Estados.<\/td>\n<\/tr>\n<tr>\n<td>Temos profissionais com mais de 15 anos de experi\u00eancia em nossa empresa.<\/td>\n<\/tr>\n<tr>\n<td>Al\u00e9m de atender a arquitetos e engenheiros, atuamos tamb\u00e9m para o cliente final.<\/td>\n<\/tr>\n<tr>\n<td>Atendimento online \u00e1gil, com agendamento de visitas t\u00e9cnicas inloco com o cliente.<\/td>\n<\/tr>\n<\/tbody>\n<\/table>\n<\/div>\n\t\t<div id=\"instagram-gallery-feed-2\" class=\"instagram-gallery-feed\" data-feed=\"{&quot;id&quot;:2,&quot;account_id&quot;:&quot;17841408699431294&quot;,&quot;source&quot;:&quot;username&quot;,&quot;tag&quot;:&quot;wordpress&quot;,&quot;order_by&quot;:&quot;top_media&quot;,&quot;layout&quot;:&quot;carousel&quot;,&quot;limit&quot;:50,&quot;columns&quot;:3,&quot;spacing&quot;:10,&quot;lazy&quot;:false,&quot;responsive&quot;:{&quot;desktop&quot;:{&quot;columns&quot;:3,&quot;spacing&quot;:10},&quot;tablet&quot;:{&quot;columns&quot;:2,&quot;spacing&quot;:8},&quot;mobile&quot;:{&quot;columns&quot;:1,&quot;spacing&quot;:6},&quot;breakpoints&quot;:{&quot;tablet&quot;:768,&quot;mobile&quot;:480}},&quot;aspect_ratio&quot;:{&quot;width&quot;:1,&quot;height&quot;:1},&quot;highlight&quot;:{&quot;tag&quot;:&quot;&quot;,&quot;id&quot;:&quot;&quot;,&quot;position&quot;:&quot;&quot;},&quot;reel&quot;:{&quot;hide&quot;:false},&quot;copyright&quot;:{&quot;hide&quot;:false,&quot;placeholder&quot;:&quot;&quot;},&quot;profile&quot;:{&quot;display&quot;:false,&quot;username&quot;:&quot;&quot;,&quot;nickname&quot;:&quot;&quot;,&quot;website&quot;:&quot;&quot;,&quot;biography&quot;:&quot;&quot;,&quot;link_text&quot;:&quot;Follow&quot;,&quot;website_text&quot;:&quot;Website&quot;,&quot;avatar&quot;:&quot;&quot;},&quot;box&quot;:{&quot;display&quot;:false,&quot;padding&quot;:1,&quot;radius&quot;:0,&quot;background&quot;:&quot;#fefefe&quot;,&quot;profile&quot;:false,&quot;desc&quot;:&quot;&quot;,&quot;text_color&quot;:&quot;#000000&quot;},&quot;mask&quot;:{&quot;display&quot;:true,&quot;background&quot;:&quot;#000000&quot;,&quot;icon_color&quot;:&quot;#ffffff&quot;,&quot;likes_count&quot;:true,&quot;comments_count&quot;:true},&quot;card&quot;:{&quot;display&quot;:false,&quot;radius&quot;:1,&quot;font_size&quot;:12,&quot;background&quot;:&quot;#ffffff&quot;,&quot;background_hover&quot;:&quot;&quot;,&quot;text_color&quot;:&quot;#000000&quot;,&quot;padding&quot;:5,&quot;likes_count&quot;:true,&quot;text_length&quot;:10,&quot;comments_count&quot;:true,&quot;text_align&quot;:&quot;left&quot;},&quot;carousel&quot;:{&quot;centered_slides&quot;:false,&quot;autoplay&quot;:false,&quot;autoplay_interval&quot;:3000,&quot;navarrows&quot;:true,&quot;navarrows_color&quot;:&quot;&quot;,&quot;pagination&quot;:true,&quot;pagination_color&quot;:&quot;&quot;},&quot;modal&quot;:{&quot;display&quot;:true,&quot;profile&quot;:false,&quot;media_description&quot;:true,&quot;likes_count&quot;:true,&quot;comments_count&quot;:true,&quot;comments_list&quot;:false,&quot;text_align&quot;:&quot;left&quot;,&quot;modal_align&quot;:&quot;right&quot;,&quot;text_length&quot;:10000,&quot;font_size&quot;:12},&quot;button&quot;:{&quot;display&quot;:true,&quot;text&quot;:&quot;Ver + Fotos no Instagram&quot;,&quot;text_color&quot;:&quot;#ffff&quot;,&quot;background&quot;:&quot;&quot;,&quot;background_hover&quot;:&quot;&quot;},&quot;button_load&quot;:{&quot;display&quot;:false,&quot;text&quot;:&quot;Load more...&quot;,&quot;text_color&quot;:&quot;#ffff&quot;,&quot;background&quot;:&quot;&quot;,&quot;background_hover&quot;:&quot;&quot;}}\">\n\t\t<!-- <FeedContainer\/> -->\n\t\t<\/div>\n\t\t\n<h3 class=\"style2\">Sobre a Stone Crystal<\/h3>\n<blockquote>\n<h4>Sediada no Rio de Janeiro, a <strong>Stone Crystal<\/strong> \u00e9 uma empresa especializada em revestimento Fulget.<br \/>\nAltamente conceituada pelo seu alto padr\u00e3o em servi\u00e7os e produtos e pela excel\u00eancia de atendimento, a <strong>Stone Crystal<\/strong> atende cliente final e arquitetos em todo o RJ e em MG.<br \/>\n<strong><br \/>\nMuito al\u00e9m de satisfazer o cliente, \u00e9 preciso tamb\u00e9m encant\u00e1-lo.<\/strong><\/h4>\n<\/blockquote>\n<p>Dentro deste conceito,\u00a0 a <strong>Stone Crystal<\/strong> \u00e9 refer\u00eancia no segmento de pisos e revestimentos de alto padr\u00e3o, disponibilizando servi\u00e7os completos, incluindo desde m\u00e3o de obra especializada at\u00e9 o fornecimento de todo o material, resultando em um dos melhores custos x benef\u00edcios do mercado de revestimentos de alto desempenho.<\/p>\n<p>Somos uma empresa de refer\u00eancia no segmento no qual atuamos,\u00a0 utilizando revestimentos de <strong>Fulget Resinado<\/strong> e <strong>Fulget Ciment\u00edcio<\/strong> de alt\u00edssima qualidade, aplicados \u00e0s\u00a0 mais diversas superf\u00edcies da constru\u00e7\u00e3o, sobretudo em pisos, paredes, al\u00e9m da linha de <strong>Fulget Stone Crystal<\/strong> desenvolvida exclusivamente para <a href=\"https:\/\/stonecrystal.com.br\/fulget\/fulget-em-piscinas\/\">revestimento de interior de piscinas<\/a>.<\/p>\n<p>Atendemos clientes, arquitetos e engenheiros, atuando em projetos de todos os portes.<\/p>\n<p>Nosso cat\u00e1logo, composto por <strong>Fulget<\/strong> \u00e0 base de resina, cimento e com adi\u00e7\u00e3o de pedriscos minerais naturais, foi desenvolvido para atender clientes exigentes e projetos exclusivos, destacando-se por oferecer uma gama variada de granulaturas e primando por eleg\u00e2ncia e naturalidade, al\u00e9m de alta resist\u00eancia e da propriedade antiderrapante, que notabilizam o Fulget.<\/p>\n<p><strong>Gostar do que se faz \u00e9 fundamental e traduz a nossa Hist\u00f3ria: com 15 anos de experi\u00eancia, buscamos a excel\u00eancia em cada projeto, pois acreditamos que a satisfa\u00e7\u00e3o do cliente n\u00e3o tem data de validade!<\/strong><\/p>\n","protected":false},"excerpt":{"rendered":"<p>Por que contratar a Stone Crystal? Conhe\u00e7a nossos diferenciais e contrate uma empresa especializada na hora de instalar seu revestimento em Fulget! Sobre a Stone Crystal Sediada no Rio de Janeiro, a Stone Crystal \u00e9 uma empresa especializada em revestimento Fulget. Altamente conceituada pelo seu alto padr\u00e3o em servi\u00e7os e produtos e pela excel\u00eancia de atendimento, a Stone Crystal atende cliente final e arquitetos em todo o RJ e em MG. Muito al\u00e9m de satisfazer o cliente, \u00e9 preciso tamb\u00e9m encant\u00e1-lo. Dentro deste conceito,\u00a0 a Stone Crystal \u00e9 refer\u00eancia no segmento de pisos e revestimentos de alto padr\u00e3o, disponibilizando servi\u00e7os&#8230; <\/p>\n","protected":false},"author":1,"featured_media":0,"parent":0,"menu_order":0,"comment_status":"closed","ping_status":"closed","template":"","meta":{"footnotes":"","_links_to":"","_links_to_target":""},"class_list":["post-15","page","type-page","status-publish","hentry"],"_links":{"self":[{"href":"https:\/\/stonecrystal.com.br\/fulget\/wp-json\/wp\/v2\/pages\/15","targetHints":{"allow":["GET"]}}],"collection":[{"href":"https:\/\/stonecrystal.com.br\/fulget\/wp-json\/wp\/v2\/pages"}],"about":[{"href":"https:\/\/stonecrystal.com.br\/fulget\/wp-json\/wp\/v2\/types\/page"}],"author":[{"embeddable":true,"href":"https:\/\/stonecrystal.com.br\/fulget\/wp-json\/wp\/v2\/users\/1"}],"replies":[{"embeddable":true,"href":"https:\/\/stonecrystal.com.br\/fulget\/wp-json\/wp\/v2\/comments?post=15"}],"version-history":[{"count":27,"href":"https:\/\/stonecrystal.com.br\/fulget\/wp-json\/wp\/v2\/pages\/15\/revisions"}],"predecessor-version":[{"id":435,"href":"https:\/\/stonecrystal.com.br\/fulget\/wp-json\/wp\/v2\/pages\/15\/revisions\/435"}],"wp:attachment":[{"href":"https:\/\/stonecrystal.com.br\/fulget\/wp-json\/wp\/v2\/media?parent=15"}],"curies":[{"name":"wp","href":"https:\/\/api.w.org\/{rel}","templated":true}]}}