{"id":171,"date":"2020-08-19T17:03:36","date_gmt":"2020-08-19T20:03:36","guid":{"rendered":"https:\/\/stonecrystal.com.br\/fulget\/?page_id=171"},"modified":"2022-09-06T10:42:05","modified_gmt":"2022-09-06T13:42:05","slug":"outros-servicos","status":"publish","type":"page","link":"https:\/\/stonecrystal.com.br\/fulget\/outros-servicos\/","title":{"rendered":"Outras Aplica\u00e7\u00f5es"},"content":{"rendered":"<h3 class=\"style2\">Fulget Stone Crystal<\/h3>\n<p>Utilizamos o\u00a0 <strong>Fulget Stone Crystal<\/strong> em diversas aplica\u00e7\u00f5es e revestimentos de superf\u00edcies. Conte com o efeito sofisticado e natural de nossos revestimentos em seu projeto, para qualquer tipo de superf\u00edcie de sua obra.<\/p>\n<div class=\"su-image-carousel  su-image-carousel-has-spacing su-image-carousel-crop su-image-carousel-crop-4-3 su-image-carousel-has-lightbox su-image-carousel-has-outline su-image-carousel-adaptive su-image-carousel-slides-style-default su-image-carousel-controls-style-dark su-image-carousel-align-none\" style=\"\" data-flickity-options='{\"groupCells\":true,\"cellSelector\":\".su-image-carousel-item\",\"adaptiveHeight\":false,\"cellAlign\":\"left\",\"prevNextButtons\":true,\"pageDots\":true,\"autoPlay\":4000,\"imagesLoaded\":true,\"contain\":true,\"selectedAttraction\":0.025000000000000001387778780781445675529539585113525390625,\"friction\":0.2800000000000000266453525910037569701671600341796875}' id=\"su_image_carousel_69e023a034831\"><div class=\"su-image-carousel-item\"><div class=\"su-image-carousel-item-content\"><a href=\"https:\/\/stonecrystal.com.br\/fulget\/wp-content\/uploads\/2020\/08\/outros03.jpg\" target=\"_blank\" rel=\"noopener noreferrer\" data-caption=\"Fulget Stone Crystal\"><img loading=\"lazy\" decoding=\"async\" width=\"720\" height=\"960\" src=\"https:\/\/stonecrystal.com.br\/fulget\/wp-content\/uploads\/2020\/08\/outros03.jpg\" class=\"\" alt=\"Fulget Stone Crystal\" srcset=\"https:\/\/stonecrystal.com.br\/fulget\/wp-content\/uploads\/2020\/08\/outros03.jpg 720w, https:\/\/stonecrystal.com.br\/fulget\/wp-content\/uploads\/2020\/08\/outros03-225x300.jpg 225w\" sizes=\"auto, (max-width: 720px) 100vw, 720px\" \/><\/a><\/div><\/div><div class=\"su-image-carousel-item\"><div class=\"su-image-carousel-item-content\"><a href=\"https:\/\/stonecrystal.com.br\/fulget\/wp-content\/uploads\/2020\/08\/outros2.jpg\" target=\"_blank\" rel=\"noopener noreferrer\" data-caption=\"Fulget Stone Crystal\"><img loading=\"lazy\" decoding=\"async\" width=\"757\" height=\"960\" src=\"https:\/\/stonecrystal.com.br\/fulget\/wp-content\/uploads\/2020\/08\/outros2.jpg\" class=\"\" alt=\"Fulget Stone Crystal\" srcset=\"https:\/\/stonecrystal.com.br\/fulget\/wp-content\/uploads\/2020\/08\/outros2.jpg 757w, https:\/\/stonecrystal.com.br\/fulget\/wp-content\/uploads\/2020\/08\/outros2-237x300.jpg 237w\" sizes=\"auto, (max-width: 757px) 100vw, 757px\" \/><\/a><\/div><\/div><div class=\"su-image-carousel-item\"><div class=\"su-image-carousel-item-content\"><a href=\"https:\/\/stonecrystal.com.br\/fulget\/wp-content\/uploads\/2020\/08\/outros1.jpg\" target=\"_blank\" rel=\"noopener noreferrer\" data-caption=\"Fulget Stone Crystal\"><img loading=\"lazy\" decoding=\"async\" width=\"960\" height=\"720\" src=\"https:\/\/stonecrystal.com.br\/fulget\/wp-content\/uploads\/2020\/08\/outros1.jpg\" class=\"\" alt=\"Bancos com Fulget Stone Crystal\" srcset=\"https:\/\/stonecrystal.com.br\/fulget\/wp-content\/uploads\/2020\/08\/outros1.jpg 960w, https:\/\/stonecrystal.com.br\/fulget\/wp-content\/uploads\/2020\/08\/outros1-300x225.jpg 300w, https:\/\/stonecrystal.com.br\/fulget\/wp-content\/uploads\/2020\/08\/outros1-768x576.jpg 768w\" sizes=\"auto, (max-width: 960px) 100vw, 960px\" \/><\/a><\/div><\/div><div class=\"su-image-carousel-item\"><div class=\"su-image-carousel-item-content\"><a href=\"https:\/\/stonecrystal.com.br\/fulget\/wp-content\/uploads\/2020\/08\/03.jpg\" target=\"_blank\" rel=\"noopener noreferrer\" data-caption=\"Fulget Stone Crystal\"><img loading=\"lazy\" decoding=\"async\" width=\"720\" height=\"960\" src=\"https:\/\/stonecrystal.com.br\/fulget\/wp-content\/uploads\/2020\/08\/03.jpg\" class=\"\" alt=\"Fulget Stone Crystal\" srcset=\"https:\/\/stonecrystal.com.br\/fulget\/wp-content\/uploads\/2020\/08\/03.jpg 720w, https:\/\/stonecrystal.com.br\/fulget\/wp-content\/uploads\/2020\/08\/03-225x300.jpg 225w\" sizes=\"auto, (max-width: 720px) 100vw, 720px\" \/><\/a><\/div><\/div><div class=\"su-image-carousel-item\"><div class=\"su-image-carousel-item-content\"><a href=\"https:\/\/stonecrystal.com.br\/fulget\/wp-content\/uploads\/2020\/08\/12.jpg\" target=\"_blank\" rel=\"noopener noreferrer\" data-caption=\"Fulget Stone Crystal\"><img loading=\"lazy\" decoding=\"async\" width=\"960\" height=\"960\" src=\"https:\/\/stonecrystal.com.br\/fulget\/wp-content\/uploads\/2020\/08\/12.jpg\" class=\"\" alt=\"Fulget Stone Crystal\" srcset=\"https:\/\/stonecrystal.com.br\/fulget\/wp-content\/uploads\/2020\/08\/12.jpg 960w, https:\/\/stonecrystal.com.br\/fulget\/wp-content\/uploads\/2020\/08\/12-300x300.jpg 300w, https:\/\/stonecrystal.com.br\/fulget\/wp-content\/uploads\/2020\/08\/12-150x150.jpg 150w, https:\/\/stonecrystal.com.br\/fulget\/wp-content\/uploads\/2020\/08\/12-768x768.jpg 768w\" sizes=\"auto, (max-width: 960px) 100vw, 960px\" \/><\/a><\/div><\/div><div class=\"su-image-carousel-item\"><div class=\"su-image-carousel-item-content\"><a href=\"https:\/\/stonecrystal.com.br\/fulget\/wp-content\/uploads\/2020\/08\/01.jpg\" target=\"_blank\" rel=\"noopener noreferrer\" data-caption=\"Fulget Stone Crystal\"><img loading=\"lazy\" decoding=\"async\" width=\"960\" height=\"720\" src=\"https:\/\/stonecrystal.com.br\/fulget\/wp-content\/uploads\/2020\/08\/01.jpg\" class=\"\" alt=\"Fulget Stone Crystal\" srcset=\"https:\/\/stonecrystal.com.br\/fulget\/wp-content\/uploads\/2020\/08\/01.jpg 960w, https:\/\/stonecrystal.com.br\/fulget\/wp-content\/uploads\/2020\/08\/01-300x225.jpg 300w, https:\/\/stonecrystal.com.br\/fulget\/wp-content\/uploads\/2020\/08\/01-768x576.jpg 768w\" sizes=\"auto, (max-width: 960px) 100vw, 960px\" \/><\/a><\/div><\/div><div class=\"su-image-carousel-item\"><div class=\"su-image-carousel-item-content\"><a href=\"https:\/\/stonecrystal.com.br\/fulget\/wp-content\/uploads\/2020\/08\/02.jpg\" target=\"_blank\" rel=\"noopener noreferrer\" data-caption=\"Fulget Stone Crystal\"><img loading=\"lazy\" decoding=\"async\" width=\"960\" height=\"960\" src=\"https:\/\/stonecrystal.com.br\/fulget\/wp-content\/uploads\/2020\/08\/02.jpg\" class=\"\" alt=\"Fulget Stone Crystal\" srcset=\"https:\/\/stonecrystal.com.br\/fulget\/wp-content\/uploads\/2020\/08\/02.jpg 960w, https:\/\/stonecrystal.com.br\/fulget\/wp-content\/uploads\/2020\/08\/02-300x300.jpg 300w, https:\/\/stonecrystal.com.br\/fulget\/wp-content\/uploads\/2020\/08\/02-150x150.jpg 150w, https:\/\/stonecrystal.com.br\/fulget\/wp-content\/uploads\/2020\/08\/02-768x768.jpg 768w\" sizes=\"auto, (max-width: 960px) 100vw, 960px\" \/><\/a><\/div><\/div><div class=\"su-image-carousel-item\"><div class=\"su-image-carousel-item-content\"><a href=\"https:\/\/stonecrystal.com.br\/fulget\/wp-content\/uploads\/2020\/08\/11.jpg\" target=\"_blank\" rel=\"noopener noreferrer\" data-caption=\"Fulget Stone Crystal\"><img loading=\"lazy\" decoding=\"async\" width=\"720\" height=\"960\" src=\"https:\/\/stonecrystal.com.br\/fulget\/wp-content\/uploads\/2020\/08\/11.jpg\" class=\"\" alt=\"Fulget Stone Crystal\" srcset=\"https:\/\/stonecrystal.com.br\/fulget\/wp-content\/uploads\/2020\/08\/11.jpg 720w, https:\/\/stonecrystal.com.br\/fulget\/wp-content\/uploads\/2020\/08\/11-225x300.jpg 225w\" sizes=\"auto, (max-width: 720px) 100vw, 720px\" \/><\/a><\/div><\/div><div class=\"su-image-carousel-item\"><div class=\"su-image-carousel-item-content\"><a href=\"https:\/\/stonecrystal.com.br\/fulget\/wp-content\/uploads\/2020\/08\/15.jpg\" target=\"_blank\" rel=\"noopener noreferrer\" data-caption=\"Fulget Stone Crystal\"><img loading=\"lazy\" decoding=\"async\" width=\"960\" height=\"960\" src=\"https:\/\/stonecrystal.com.br\/fulget\/wp-content\/uploads\/2020\/08\/15.jpg\" class=\"\" alt=\"Revestimentos em Fulget Stone Crystal\" srcset=\"https:\/\/stonecrystal.com.br\/fulget\/wp-content\/uploads\/2020\/08\/15.jpg 960w, https:\/\/stonecrystal.com.br\/fulget\/wp-content\/uploads\/2020\/08\/15-300x300.jpg 300w, https:\/\/stonecrystal.com.br\/fulget\/wp-content\/uploads\/2020\/08\/15-150x150.jpg 150w, https:\/\/stonecrystal.com.br\/fulget\/wp-content\/uploads\/2020\/08\/15-768x768.jpg 768w\" sizes=\"auto, (max-width: 960px) 100vw, 960px\" \/><\/a><\/div><\/div><div class=\"su-image-carousel-item\"><div class=\"su-image-carousel-item-content\"><a href=\"https:\/\/stonecrystal.com.br\/fulget\/wp-content\/uploads\/2020\/08\/28.jpg\" target=\"_blank\" rel=\"noopener noreferrer\" data-caption=\"Fulget Stone Crystal\"><img loading=\"lazy\" decoding=\"async\" width=\"720\" height=\"960\" src=\"https:\/\/stonecrystal.com.br\/fulget\/wp-content\/uploads\/2020\/08\/28.jpg\" class=\"\" alt=\"Fulget Stone Crystal\" srcset=\"https:\/\/stonecrystal.com.br\/fulget\/wp-content\/uploads\/2020\/08\/28.jpg 720w, https:\/\/stonecrystal.com.br\/fulget\/wp-content\/uploads\/2020\/08\/28-225x300.jpg 225w\" sizes=\"auto, (max-width: 720px) 100vw, 720px\" \/><\/a><\/div><\/div><div class=\"su-image-carousel-item\"><div class=\"su-image-carousel-item-content\"><a href=\"https:\/\/stonecrystal.com.br\/fulget\/wp-content\/uploads\/2020\/08\/30.jpg\" target=\"_blank\" rel=\"noopener noreferrer\" data-caption=\"Fulget Stone Crystal\"><img loading=\"lazy\" decoding=\"async\" width=\"960\" height=\"960\" src=\"https:\/\/stonecrystal.com.br\/fulget\/wp-content\/uploads\/2020\/08\/30.jpg\" class=\"\" alt=\"Fulget Stone Crystal\" srcset=\"https:\/\/stonecrystal.com.br\/fulget\/wp-content\/uploads\/2020\/08\/30.jpg 960w, https:\/\/stonecrystal.com.br\/fulget\/wp-content\/uploads\/2020\/08\/30-300x300.jpg 300w, https:\/\/stonecrystal.com.br\/fulget\/wp-content\/uploads\/2020\/08\/30-150x150.jpg 150w, https:\/\/stonecrystal.com.br\/fulget\/wp-content\/uploads\/2020\/08\/30-768x768.jpg 768w\" sizes=\"auto, (max-width: 960px) 100vw, 960px\" \/><\/a><\/div><\/div><div class=\"su-image-carousel-item\"><div class=\"su-image-carousel-item-content\"><a href=\"https:\/\/stonecrystal.com.br\/fulget\/wp-content\/uploads\/2020\/08\/31.jpg\" target=\"_blank\" rel=\"noopener noreferrer\" data-caption=\"Fulget Stone Crystal\"><img loading=\"lazy\" decoding=\"async\" width=\"960\" height=\"960\" src=\"https:\/\/stonecrystal.com.br\/fulget\/wp-content\/uploads\/2020\/08\/31.jpg\" class=\"\" alt=\"Fulget Stone Crystal\" srcset=\"https:\/\/stonecrystal.com.br\/fulget\/wp-content\/uploads\/2020\/08\/31.jpg 960w, https:\/\/stonecrystal.com.br\/fulget\/wp-content\/uploads\/2020\/08\/31-300x300.jpg 300w, https:\/\/stonecrystal.com.br\/fulget\/wp-content\/uploads\/2020\/08\/31-150x150.jpg 150w, https:\/\/stonecrystal.com.br\/fulget\/wp-content\/uploads\/2020\/08\/31-768x768.jpg 768w\" sizes=\"auto, (max-width: 960px) 100vw, 960px\" \/><\/a><\/div><\/div><\/div><script id=\"su_image_carousel_69e023a034831_script\">if(window.SUImageCarousel){setTimeout(function() {window.SUImageCarousel.initGallery(document.getElementById(\"su_image_carousel_69e023a034831\"))}, 0);}var su_image_carousel_69e023a034831_script=document.getElementById(\"su_image_carousel_69e023a034831_script\");if(su_image_carousel_69e023a034831_script){su_image_carousel_69e023a034831_script.parentNode.removeChild(su_image_carousel_69e023a034831_script);}<\/script>\n<div class=\"custombtn\" style=\"text-align:center\">\t\r\n\t   <a class=\"button\" href=\"https:\/\/stonecrystal.com.br\/fulget\/fotos-obras\/\" target=\"\">Mais Fotos<\/a>\t   \t   \r\n\t<\/div>\n<p>&nbsp;<\/p>\n<p>&nbsp;<\/p>\n\n\t\t<style type=\"text\/css\">\n\t\t\t#gallery-1 {\n\t\t\t\tmargin: auto;\n\t\t\t}\n\t\t\t#gallery-1 .gallery-item {\n\t\t\t\tfloat: left;\n\t\t\t\tmargin-top: 10px;\n\t\t\t\ttext-align: center;\n\t\t\t\twidth: 33%;\n\t\t\t}\n\t\t\t#gallery-1 img {\n\t\t\t\tborder: 2px solid #cfcfcf;\n\t\t\t}\n\t\t\t#gallery-1 .gallery-caption {\n\t\t\t\tmargin-left: 0;\n\t\t\t}\n\t\t\t\/* see gallery_shortcode() in wp-includes\/media.php *\/\n\t\t<\/style>\n\t\t<div id='gallery-1' class='gallery galleryid-171 gallery-columns-3 gallery-size-thumbnail'><dl class='gallery-item'>\n\t\t\t<dt class='gallery-icon portrait'>\n\t\t\t\t<a href='https:\/\/stonecrystal.com.br\/fulget\/wp-content\/uploads\/2020\/08\/outros03.jpg' rel=\"lightbox[gallery-0]\"><img loading=\"lazy\" decoding=\"async\" width=\"150\" height=\"150\" src=\"https:\/\/stonecrystal.com.br\/fulget\/wp-content\/uploads\/2020\/08\/outros03-150x150.jpg\" class=\"attachment-thumbnail size-thumbnail\" alt=\"Fulget Stone Crystal\" aria-describedby=\"gallery-1-414\" \/><\/a>\n\t\t\t<\/dt>\n\t\t\t\t<dd class='wp-caption-text gallery-caption' id='gallery-1-414'>\n\t\t\t\tFulget Stone Crystal\n\t\t\t\t<\/dd><\/dl><dl class='gallery-item'>\n\t\t\t<dt class='gallery-icon portrait'>\n\t\t\t\t<a href='https:\/\/stonecrystal.com.br\/fulget\/wp-content\/uploads\/2020\/08\/outros2.jpg' rel=\"lightbox[gallery-0]\"><img loading=\"lazy\" decoding=\"async\" width=\"150\" height=\"150\" src=\"https:\/\/stonecrystal.com.br\/fulget\/wp-content\/uploads\/2020\/08\/outros2-150x150.jpg\" class=\"attachment-thumbnail size-thumbnail\" alt=\"Fulget Stone Crystal\" aria-describedby=\"gallery-1-416\" \/><\/a>\n\t\t\t<\/dt>\n\t\t\t\t<dd class='wp-caption-text gallery-caption' id='gallery-1-416'>\n\t\t\t\tFulget Stone Crystal\n\t\t\t\t<\/dd><\/dl><dl class='gallery-item'>\n\t\t\t<dt class='gallery-icon landscape'>\n\t\t\t\t<a href='https:\/\/stonecrystal.com.br\/fulget\/wp-content\/uploads\/2020\/08\/outros1.jpg' rel=\"lightbox[gallery-0]\"><img loading=\"lazy\" decoding=\"async\" width=\"150\" height=\"150\" src=\"https:\/\/stonecrystal.com.br\/fulget\/wp-content\/uploads\/2020\/08\/outros1-150x150.jpg\" class=\"attachment-thumbnail size-thumbnail\" alt=\"Bancos com Fulget Stone Crystal\" aria-describedby=\"gallery-1-417\" \/><\/a>\n\t\t\t<\/dt>\n\t\t\t\t<dd class='wp-caption-text gallery-caption' id='gallery-1-417'>\n\t\t\t\tFulget Stone Crystal\n\t\t\t\t<\/dd><\/dl><br style=\"clear: both\" \/><dl class='gallery-item'>\n\t\t\t<dt class='gallery-icon portrait'>\n\t\t\t\t<a href='https:\/\/stonecrystal.com.br\/fulget\/wp-content\/uploads\/2020\/08\/03.jpg' rel=\"lightbox[gallery-0]\"><img loading=\"lazy\" decoding=\"async\" width=\"150\" height=\"150\" src=\"https:\/\/stonecrystal.com.br\/fulget\/wp-content\/uploads\/2020\/08\/03-150x150.jpg\" class=\"attachment-thumbnail size-thumbnail\" alt=\"Fulget Stone Crystal\" aria-describedby=\"gallery-1-198\" \/><\/a>\n\t\t\t<\/dt>\n\t\t\t\t<dd class='wp-caption-text gallery-caption' id='gallery-1-198'>\n\t\t\t\tFulget Stone Crystal\n\t\t\t\t<\/dd><\/dl><dl class='gallery-item'>\n\t\t\t<dt class='gallery-icon landscape'>\n\t\t\t\t<a href='https:\/\/stonecrystal.com.br\/fulget\/wp-content\/uploads\/2020\/08\/12.jpg' rel=\"lightbox[gallery-0]\"><img loading=\"lazy\" decoding=\"async\" width=\"150\" height=\"150\" src=\"https:\/\/stonecrystal.com.br\/fulget\/wp-content\/uploads\/2020\/08\/12-150x150.jpg\" class=\"attachment-thumbnail size-thumbnail\" alt=\"Fulget Stone Crystal\" aria-describedby=\"gallery-1-207\" srcset=\"https:\/\/stonecrystal.com.br\/fulget\/wp-content\/uploads\/2020\/08\/12-150x150.jpg 150w, https:\/\/stonecrystal.com.br\/fulget\/wp-content\/uploads\/2020\/08\/12-300x300.jpg 300w, https:\/\/stonecrystal.com.br\/fulget\/wp-content\/uploads\/2020\/08\/12-768x768.jpg 768w, https:\/\/stonecrystal.com.br\/fulget\/wp-content\/uploads\/2020\/08\/12.jpg 960w\" sizes=\"auto, (max-width: 150px) 100vw, 150px\" \/><\/a>\n\t\t\t<\/dt>\n\t\t\t\t<dd class='wp-caption-text gallery-caption' id='gallery-1-207'>\n\t\t\t\tFulget Stone Crystal\n\t\t\t\t<\/dd><\/dl><dl class='gallery-item'>\n\t\t\t<dt class='gallery-icon landscape'>\n\t\t\t\t<a href='https:\/\/stonecrystal.com.br\/fulget\/wp-content\/uploads\/2020\/08\/01.jpg' rel=\"lightbox[gallery-0]\"><img loading=\"lazy\" decoding=\"async\" width=\"150\" height=\"150\" src=\"https:\/\/stonecrystal.com.br\/fulget\/wp-content\/uploads\/2020\/08\/01-150x150.jpg\" class=\"attachment-thumbnail size-thumbnail\" alt=\"Fulget Stone Crystal\" aria-describedby=\"gallery-1-196\" \/><\/a>\n\t\t\t<\/dt>\n\t\t\t\t<dd class='wp-caption-text gallery-caption' id='gallery-1-196'>\n\t\t\t\tFulget Stone Crystal\n\t\t\t\t<\/dd><\/dl><br style=\"clear: both\" \/><dl class='gallery-item'>\n\t\t\t<dt class='gallery-icon landscape'>\n\t\t\t\t<a href='https:\/\/stonecrystal.com.br\/fulget\/wp-content\/uploads\/2020\/08\/02.jpg' rel=\"lightbox[gallery-0]\"><img loading=\"lazy\" decoding=\"async\" width=\"150\" height=\"150\" src=\"https:\/\/stonecrystal.com.br\/fulget\/wp-content\/uploads\/2020\/08\/02-150x150.jpg\" class=\"attachment-thumbnail size-thumbnail\" alt=\"Fulget Stone Crystal\" aria-describedby=\"gallery-1-197\" srcset=\"https:\/\/stonecrystal.com.br\/fulget\/wp-content\/uploads\/2020\/08\/02-150x150.jpg 150w, https:\/\/stonecrystal.com.br\/fulget\/wp-content\/uploads\/2020\/08\/02-300x300.jpg 300w, https:\/\/stonecrystal.com.br\/fulget\/wp-content\/uploads\/2020\/08\/02-768x768.jpg 768w, https:\/\/stonecrystal.com.br\/fulget\/wp-content\/uploads\/2020\/08\/02.jpg 960w\" sizes=\"auto, (max-width: 150px) 100vw, 150px\" \/><\/a>\n\t\t\t<\/dt>\n\t\t\t\t<dd class='wp-caption-text gallery-caption' id='gallery-1-197'>\n\t\t\t\tFulget Stone Crystal\n\t\t\t\t<\/dd><\/dl><dl class='gallery-item'>\n\t\t\t<dt class='gallery-icon portrait'>\n\t\t\t\t<a href='https:\/\/stonecrystal.com.br\/fulget\/wp-content\/uploads\/2020\/08\/11.jpg' rel=\"lightbox[gallery-0]\"><img loading=\"lazy\" decoding=\"async\" width=\"150\" height=\"150\" src=\"https:\/\/stonecrystal.com.br\/fulget\/wp-content\/uploads\/2020\/08\/11-150x150.jpg\" class=\"attachment-thumbnail size-thumbnail\" alt=\"Fulget Stone Crystal\" aria-describedby=\"gallery-1-206\" \/><\/a>\n\t\t\t<\/dt>\n\t\t\t\t<dd class='wp-caption-text gallery-caption' id='gallery-1-206'>\n\t\t\t\tFulget Stone Crystal\n\t\t\t\t<\/dd><\/dl><dl class='gallery-item'>\n\t\t\t<dt class='gallery-icon landscape'>\n\t\t\t\t<a href='https:\/\/stonecrystal.com.br\/fulget\/wp-content\/uploads\/2020\/08\/15.jpg' rel=\"lightbox[gallery-0]\"><img loading=\"lazy\" decoding=\"async\" width=\"150\" height=\"150\" src=\"https:\/\/stonecrystal.com.br\/fulget\/wp-content\/uploads\/2020\/08\/15-150x150.jpg\" class=\"attachment-thumbnail size-thumbnail\" alt=\"Revestimentos em Fulget Stone Crystal\" aria-describedby=\"gallery-1-210\" srcset=\"https:\/\/stonecrystal.com.br\/fulget\/wp-content\/uploads\/2020\/08\/15-150x150.jpg 150w, https:\/\/stonecrystal.com.br\/fulget\/wp-content\/uploads\/2020\/08\/15-300x300.jpg 300w, https:\/\/stonecrystal.com.br\/fulget\/wp-content\/uploads\/2020\/08\/15-768x768.jpg 768w, https:\/\/stonecrystal.com.br\/fulget\/wp-content\/uploads\/2020\/08\/15.jpg 960w\" sizes=\"auto, (max-width: 150px) 100vw, 150px\" \/><\/a>\n\t\t\t<\/dt>\n\t\t\t\t<dd class='wp-caption-text gallery-caption' id='gallery-1-210'>\n\t\t\t\tFulget Stone Crystal\n\t\t\t\t<\/dd><\/dl><br style=\"clear: both\" \/><dl class='gallery-item'>\n\t\t\t<dt class='gallery-icon portrait'>\n\t\t\t\t<a href='https:\/\/stonecrystal.com.br\/fulget\/wp-content\/uploads\/2020\/08\/28.jpg' rel=\"lightbox[gallery-0]\"><img loading=\"lazy\" decoding=\"async\" width=\"150\" height=\"150\" src=\"https:\/\/stonecrystal.com.br\/fulget\/wp-content\/uploads\/2020\/08\/28-150x150.jpg\" class=\"attachment-thumbnail size-thumbnail\" alt=\"Fulget Stone Crystal\" aria-describedby=\"gallery-1-223\" \/><\/a>\n\t\t\t<\/dt>\n\t\t\t\t<dd class='wp-caption-text gallery-caption' id='gallery-1-223'>\n\t\t\t\tFulget Stone Crystal\n\t\t\t\t<\/dd><\/dl><dl class='gallery-item'>\n\t\t\t<dt class='gallery-icon landscape'>\n\t\t\t\t<a href='https:\/\/stonecrystal.com.br\/fulget\/wp-content\/uploads\/2020\/08\/30.jpg' rel=\"lightbox[gallery-0]\"><img loading=\"lazy\" decoding=\"async\" width=\"150\" height=\"150\" src=\"https:\/\/stonecrystal.com.br\/fulget\/wp-content\/uploads\/2020\/08\/30-150x150.jpg\" class=\"attachment-thumbnail size-thumbnail\" alt=\"Fulget Stone Crystal\" aria-describedby=\"gallery-1-225\" srcset=\"https:\/\/stonecrystal.com.br\/fulget\/wp-content\/uploads\/2020\/08\/30-150x150.jpg 150w, https:\/\/stonecrystal.com.br\/fulget\/wp-content\/uploads\/2020\/08\/30-300x300.jpg 300w, https:\/\/stonecrystal.com.br\/fulget\/wp-content\/uploads\/2020\/08\/30-768x768.jpg 768w, https:\/\/stonecrystal.com.br\/fulget\/wp-content\/uploads\/2020\/08\/30.jpg 960w\" sizes=\"auto, (max-width: 150px) 100vw, 150px\" \/><\/a>\n\t\t\t<\/dt>\n\t\t\t\t<dd class='wp-caption-text gallery-caption' id='gallery-1-225'>\n\t\t\t\tFulget Stone Crystal\n\t\t\t\t<\/dd><\/dl><dl class='gallery-item'>\n\t\t\t<dt class='gallery-icon landscape'>\n\t\t\t\t<a href='https:\/\/stonecrystal.com.br\/fulget\/wp-content\/uploads\/2020\/08\/31.jpg' rel=\"lightbox[gallery-0]\"><img loading=\"lazy\" decoding=\"async\" width=\"150\" height=\"150\" src=\"https:\/\/stonecrystal.com.br\/fulget\/wp-content\/uploads\/2020\/08\/31-150x150.jpg\" class=\"attachment-thumbnail size-thumbnail\" alt=\"Fulget Stone Crystal\" aria-describedby=\"gallery-1-226\" srcset=\"https:\/\/stonecrystal.com.br\/fulget\/wp-content\/uploads\/2020\/08\/31-150x150.jpg 150w, https:\/\/stonecrystal.com.br\/fulget\/wp-content\/uploads\/2020\/08\/31-300x300.jpg 300w, https:\/\/stonecrystal.com.br\/fulget\/wp-content\/uploads\/2020\/08\/31-768x768.jpg 768w, https:\/\/stonecrystal.com.br\/fulget\/wp-content\/uploads\/2020\/08\/31.jpg 960w\" sizes=\"auto, (max-width: 150px) 100vw, 150px\" \/><\/a>\n\t\t\t<\/dt>\n\t\t\t\t<dd class='wp-caption-text gallery-caption' id='gallery-1-226'>\n\t\t\t\tFulget Stone Crystal\n\t\t\t\t<\/dd><\/dl><br style=\"clear: both\" \/>\n\t\t<\/div>\n\n<p>&nbsp;<\/p>\n<div class=\"su-note\"  style=\"border-color:#e5e5e5;border-radius:3px;-moz-border-radius:3px;-webkit-border-radius:3px;\"><div class=\"su-note-inner su-u-clearfix su-u-trim\" style=\"background-color:#ffffff;border-color:#ffffff;color:#333333;border-radius:3px;-moz-border-radius:3px;-webkit-border-radius:3px;\">\n<h3><strong>Fulget <\/strong><strong>com instala\u00e7\u00e3o e acabamento!<\/strong><\/h3>\n<p>O <strong>Fulget Stone Crystal<\/strong> \u00e9 indicado para executar qualquer tipo de revestimento na constru\u00e7\u00e3o civil, resultando em beleza,\u00a0 alt\u00edssima qualidade e com instala\u00e7\u00e3o r\u00e1pida e obra limpa, executada por profissionais experientes e treinados, seja em \u00e1reas internas ou externas, em projetos residenciais, comerciais ou unidades industriais.<br \/>\n<strong><a href=\"https:\/\/stonecrystal.com.br\/fulget\/orcamentos\/\">Fale conosco<\/a><\/strong> e solicite uma visita para demonstra\u00e7\u00e3o de nosso cat\u00e1logo e portf\u00f3lio completo de servi\u00e7os.<\/p>\n<\/div><\/div>\n<div class=\"custombtn\" style=\"text-align:center\">\t\r\n\t   <a class=\"button\" href=\"https:\/\/web.whatsapp.com\/send?phone=5521966486654&amp;text=Ol\u00e1! Acessei o site da Stone Crystal e gostaria de mais informa\u00e7\u00f5es sobre Fulget\" target=\"_blank\">Solicite Or\u00e7amento Whatsapp<\/a>\t   \t   \r\n\t<\/div>\n","protected":false},"excerpt":{"rendered":"<p>Fulget Stone Crystal Utilizamos o\u00a0 Fulget Stone Crystal em diversas aplica\u00e7\u00f5es e revestimentos de superf\u00edcies. Conte com o efeito sofisticado e natural de nossos revestimentos em seu projeto, para qualquer tipo de superf\u00edcie de sua obra. &nbsp; &nbsp; &nbsp;<\/p>\n","protected":false},"author":1,"featured_media":0,"parent":0,"menu_order":0,"comment_status":"closed","ping_status":"closed","template":"","meta":{"footnotes":"","_links_to":"","_links_to_target":""},"class_list":["post-171","page","type-page","status-publish","hentry"],"_links":{"self":[{"href":"https:\/\/stonecrystal.com.br\/fulget\/wp-json\/wp\/v2\/pages\/171","targetHints":{"allow":["GET"]}}],"collection":[{"href":"https:\/\/stonecrystal.com.br\/fulget\/wp-json\/wp\/v2\/pages"}],"about":[{"href":"https:\/\/stonecrystal.com.br\/fulget\/wp-json\/wp\/v2\/types\/page"}],"author":[{"embeddable":true,"href":"https:\/\/stonecrystal.com.br\/fulget\/wp-json\/wp\/v2\/users\/1"}],"replies":[{"embeddable":true,"href":"https:\/\/stonecrystal.com.br\/fulget\/wp-json\/wp\/v2\/comments?post=171"}],"version-history":[{"count":12,"href":"https:\/\/stonecrystal.com.br\/fulget\/wp-json\/wp\/v2\/pages\/171\/revisions"}],"predecessor-version":[{"id":787,"href":"https:\/\/stonecrystal.com.br\/fulget\/wp-json\/wp\/v2\/pages\/171\/revisions\/787"}],"wp:attachment":[{"href":"https:\/\/stonecrystal.com.br\/fulget\/wp-json\/wp\/v2\/media?parent=171"}],"curies":[{"name":"wp","href":"https:\/\/api.w.org\/{rel}","templated":true}]}}