{"id":19,"date":"2020-08-17T15:07:46","date_gmt":"2020-08-17T18:07:46","guid":{"rendered":"https:\/\/stonecrystal.com.br\/fulget\/?page_id=19"},"modified":"2020-08-21T16:28:40","modified_gmt":"2020-08-21T19:28:40","slug":"onde-atuamos","status":"publish","type":"page","link":"https:\/\/stonecrystal.com.br\/fulget\/onde-atuamos\/","title":{"rendered":"Onde Atuamos"},"content":{"rendered":"<h3 class=\"style2\">Cidades Atendidas<\/h3>\n<p>Atuamos com fornecimento e instala\u00e7\u00e3o de revestimentos em <strong>Fulget<\/strong> em todo o Rio de Janeiro e Minas Gerais com assist\u00eancia t\u00e9cnica e consultoria, al\u00e9m de m\u00e3o de obra especializada.<\/p>\n<p>Atendemos tanto ao cliente final quanto a arquitetos, atuando com fornecimento e instala\u00e7\u00e3o de revestimentos em <strong>Fulget<\/strong> de alto padr\u00e3o,<\/p>\n<div class=\"su-note\"  style=\"border-color:#e5e5e5;border-radius:3px;-moz-border-radius:3px;-webkit-border-radius:3px;\"><div class=\"su-note-inner su-u-clearfix su-u-trim\" style=\"background-color:#ffffff;border-color:#ffffff;color:#333333;border-radius:3px;-moz-border-radius:3px;-webkit-border-radius:3px;\"><img loading=\"lazy\" decoding=\"async\" class=\"alignnone wp-image-289 size-full\" src=\"https:\/\/stonecrystal.com.br\/fulget\/wp-content\/uploads\/2020\/08\/mapa-2.png\" alt=\"\" width=\"715\" height=\"317\" srcset=\"https:\/\/stonecrystal.com.br\/fulget\/wp-content\/uploads\/2020\/08\/mapa-2.png 715w, https:\/\/stonecrystal.com.br\/fulget\/wp-content\/uploads\/2020\/08\/mapa-2-300x133.png 300w\" sizes=\"auto, (max-width: 715px) 100vw, 715px\" \/><\/p>\n<p><strong>Fale com nossos consultores e solicite uma visita, de segunda a sexta, das 8h \u00e0s 18h, nos telefones:<br \/>\n<\/strong><strong>\u00a0(21) 96648-6654 | (21) 98786-4871<\/strong><\/p>\n<div class=\"section section-info\"><div class=\"custombtn\" style=\"text-align:left\">\t\r\n\t   <a class=\"button\" href=\"#\" target=\"https:\/\/stonecrystal.com.br\/fulget\/orcamentos\/\">Agende uma visita<\/a>\t   \t   \r\n\t<\/div><\/div>\n<div class=\"section section-info\"><\/div>\n<\/div><\/div>\n<p>&nbsp;<\/p>\n<p>&nbsp;<\/p>\n","protected":false},"excerpt":{"rendered":"<p>Cidades Atendidas Atuamos com fornecimento e instala\u00e7\u00e3o de revestimentos em Fulget em todo o Rio de Janeiro e Minas Gerais com assist\u00eancia t\u00e9cnica e consultoria, al\u00e9m de m\u00e3o de obra especializada. Atendemos tanto ao cliente final quanto a arquitetos, atuando com fornecimento e instala\u00e7\u00e3o de revestimentos em Fulget de alto padr\u00e3o, &nbsp; &nbsp;<\/p>\n","protected":false},"author":1,"featured_media":0,"parent":0,"menu_order":0,"comment_status":"closed","ping_status":"closed","template":"","meta":{"footnotes":"","_links_to":"","_links_to_target":""},"class_list":["post-19","page","type-page","status-publish","hentry"],"_links":{"self":[{"href":"https:\/\/stonecrystal.com.br\/fulget\/wp-json\/wp\/v2\/pages\/19","targetHints":{"allow":["GET"]}}],"collection":[{"href":"https:\/\/stonecrystal.com.br\/fulget\/wp-json\/wp\/v2\/pages"}],"about":[{"href":"https:\/\/stonecrystal.com.br\/fulget\/wp-json\/wp\/v2\/types\/page"}],"author":[{"embeddable":true,"href":"https:\/\/stonecrystal.com.br\/fulget\/wp-json\/wp\/v2\/users\/1"}],"replies":[{"embeddable":true,"href":"https:\/\/stonecrystal.com.br\/fulget\/wp-json\/wp\/v2\/comments?post=19"}],"version-history":[{"count":23,"href":"https:\/\/stonecrystal.com.br\/fulget\/wp-json\/wp\/v2\/pages\/19\/revisions"}],"predecessor-version":[{"id":432,"href":"https:\/\/stonecrystal.com.br\/fulget\/wp-json\/wp\/v2\/pages\/19\/revisions\/432"}],"wp:attachment":[{"href":"https:\/\/stonecrystal.com.br\/fulget\/wp-json\/wp\/v2\/media?parent=19"}],"curies":[{"name":"wp","href":"https:\/\/api.w.org\/{rel}","templated":true}]}}