{"id":23,"date":"2020-08-17T15:08:06","date_gmt":"2020-08-17T18:08:06","guid":{"rendered":"https:\/\/stonecrystal.com.br\/fulget\/?page_id=23"},"modified":"2021-06-26T16:07:19","modified_gmt":"2021-06-26T19:07:19","slug":"vantagens-do-fulget","status":"publish","type":"page","link":"https:\/\/stonecrystal.com.br\/fulget\/vantagens-do-fulget\/","title":{"rendered":"Vantagens do Fulget"},"content":{"rendered":"<h3 class=\"style2\">Por que escolher Fulget?<\/h3>\n<p><strong>Clique nos t\u00f3picos abaixo e veja as vantagens do Fulget Stone Crystal:<\/strong><\/p>\n<div class=\"su-spoiler su-spoiler-style-fancy su-spoiler-icon-plus su-spoiler-closed\" data-scroll-offset=\"0\" data-anchor-in-url=\"no\"><div class=\"su-spoiler-title\" tabindex=\"0\" role=\"button\"><span class=\"su-spoiler-icon\"><\/span>Antiderrapante<\/div><div class=\"su-spoiler-content su-u-clearfix su-u-trim\">\n<p><strong>Antiderrapante<\/strong><br \/>\nPor sua propriedade antiderrapante, o <strong>Fulget<\/strong> \u00e9 o piso ideal para pisos externos ou internos, escadas, bordas e interior de piscinas.<\/p>\n<\/div><\/div>\n<div class=\"su-spoiler su-spoiler-style-fancy su-spoiler-icon-plus su-spoiler-closed\" data-scroll-offset=\"0\" data-anchor-in-url=\"no\"><div class=\"su-spoiler-title\" tabindex=\"0\" role=\"button\"><span class=\"su-spoiler-icon\"><\/span>Resistente a Intemp\u00e9ries<\/div><div class=\"su-spoiler-content su-u-clearfix su-u-trim\">\n<p><strong>Resistente a Intemp\u00e9ries<\/strong><br \/>\n\u00c9 um dos revestimentos que apresenta maior resist\u00eancia a intemp\u00e9ries, sendo o revestimento ideal para pisos externos, paredes e fachadas, e \u00e1reas de entorno de piscinas.<\/p>\n<\/div><\/div>\n<div class=\"su-spoiler su-spoiler-style-fancy su-spoiler-icon-plus su-spoiler-closed\" data-scroll-offset=\"0\" data-anchor-in-url=\"no\"><div class=\"su-spoiler-title\" tabindex=\"0\" role=\"button\"><span class=\"su-spoiler-icon\"><\/span>Alta Durabilidade<\/div><div class=\"su-spoiler-content su-u-clearfix su-u-trim\">\n<p><strong>Alta Durabilidade<\/strong><br \/>\nO Fulget oferece durabilidade incompar\u00e1vel com qualquer outro revestimento similar.<\/p>\n<\/div><\/div>\n<div class=\"su-spoiler su-spoiler-style-fancy su-spoiler-icon-plus su-spoiler-closed\" data-scroll-offset=\"0\" data-anchor-in-url=\"no\"><div class=\"su-spoiler-title\" tabindex=\"0\" role=\"button\"><span class=\"su-spoiler-icon\"><\/span>Superf\u00edcies sem Trincas<\/div><div class=\"su-spoiler-content su-u-clearfix su-u-trim\">\n<p><strong>Superf\u00edcies sem Trincas ou Fissuras<\/strong><br \/>\nO <strong>Fulget Resinado Stone Crystal<\/strong> ap\u00f3s aplicado, n\u00e3o trinca, mesmo sob dilata\u00e7\u00e3o natural do terreno.<\/p>\n<\/div><\/div>\n<div class=\"su-spoiler su-spoiler-style-fancy su-spoiler-icon-plus su-spoiler-closed\" data-scroll-offset=\"0\" data-anchor-in-url=\"no\"><div class=\"su-spoiler-title\" tabindex=\"0\" role=\"button\"><span class=\"su-spoiler-icon\"><\/span>Adi\u00e7\u00e3o de Minerais<\/div><div class=\"su-spoiler-content su-u-clearfix su-u-trim\">\n<p><strong>Adi\u00e7\u00e3o de Minerais<\/strong><br \/>\nA linha de <strong>Fulget Stone Crystal<\/strong> tem a adi\u00e7\u00e3o de pequenos peda\u00e7os, part\u00edculas e pepitas de minerais, como calc\u00e1rio, quartzo e pequenos pedriscos.<\/p>\n<\/div><\/div>\n<div class=\"su-spoiler su-spoiler-style-fancy su-spoiler-icon-plus su-spoiler-closed\" data-scroll-offset=\"0\" data-anchor-in-url=\"no\"><div class=\"su-spoiler-title\" tabindex=\"0\" role=\"button\"><span class=\"su-spoiler-icon\"><\/span>Reparo Invis\u00edvel<\/div><div class=\"su-spoiler-content su-u-clearfix su-u-trim\">\n<p><strong>Reparo Invis\u00edvel<\/strong><br \/>\nCom o <strong>Fulget Resinado da Stone Crystal<\/strong> \u00e9 poss\u00edvel reparar \u00e1reas de modo impercept\u00edvel, sem precisar efetuar a troca de toda a pe\u00e7a do revestimento em caso de danos, como altera\u00e7\u00e3o do terrenos por ra\u00edzes de \u00e1rvores, por exemplo.<\/p>\n<\/div><\/div>\n<div class=\"su-spoiler su-spoiler-style-fancy su-spoiler-icon-plus su-spoiler-closed\" data-scroll-offset=\"0\" data-anchor-in-url=\"no\"><div class=\"su-spoiler-title\" tabindex=\"0\" role=\"button\"><span class=\"su-spoiler-icon\"><\/span>Beleza e Eleg\u00e2ncia<\/div><div class=\"su-spoiler-content su-u-clearfix su-u-trim\">\n<p><strong>Beleza e Eleg\u00e2ncia<\/strong><br \/>\nO <strong>Fulget da Stone Crystal<\/strong> prima por agregar ainda mais beleza a qualquer projeto, imprimindo identidade, valor est\u00e9tico e naturalidade na medida certa a qualquer ambiente.<\/p>\n<\/div><\/div>\n<div class=\"su-spoiler su-spoiler-style-fancy su-spoiler-icon-plus su-spoiler-closed\" data-scroll-offset=\"0\" data-anchor-in-url=\"no\"><div class=\"su-spoiler-title\" tabindex=\"0\" role=\"button\"><span class=\"su-spoiler-icon\"><\/span>Maior variedade de Granula\u00e7\u00e3o<\/div><div class=\"su-spoiler-content su-u-clearfix su-u-trim\">\n<p><strong>Maior variedade de Granula\u00e7\u00e3o<\/strong><br \/>\nO <strong>Fulget Stone Crystal<\/strong> oferece diversas op\u00e7\u00f5es de granula\u00e7\u00e3o, desde a mais fina &#8211; similar \u00e0 delicadeza da areia &#8211; at\u00e9 granula\u00e7\u00f5es mais grossas, com tamanho de gr\u00e3os maiores.<\/p>\n<\/div><\/div>\n<div class=\"su-spoiler su-spoiler-style-fancy su-spoiler-icon-plus su-spoiler-closed\" data-scroll-offset=\"0\" data-anchor-in-url=\"no\"><div class=\"su-spoiler-title\" tabindex=\"0\" role=\"button\"><span class=\"su-spoiler-icon\"><\/span>Aus\u00eancia de Juntas<\/div><div class=\"su-spoiler-content su-u-clearfix su-u-trim\">\n<p><strong>Aus\u00eancia de Juntas<\/strong><br \/>\nNo Fulget Resinado \u00e9 poss\u00edvel ter amplas \u00e1reas cont\u00ednuas sem juntas ou emendas aparentes.<\/p>\n<\/div><\/div>\n<div class=\"su-spoiler su-spoiler-style-fancy su-spoiler-icon-plus su-spoiler-closed\" data-scroll-offset=\"0\" data-anchor-in-url=\"no\"><div class=\"su-spoiler-title\" tabindex=\"0\" role=\"button\"><span class=\"su-spoiler-icon\"><\/span>Instala\u00e7\u00e3o com Obra Limpa<\/div><div class=\"su-spoiler-content su-u-clearfix su-u-trim\">\n<p><strong>Obra Limpa na Instala\u00e7\u00e3o<\/strong><br \/>\nO nosso <strong>Fulget<\/strong> Resinado pode ser aplicado at\u00e9 mesmo em ambientes j\u00e1 habitados, uma vez que a obra de instala\u00e7\u00e3o \u00e9 limpa e n\u00e3o produz tampouco acumula res\u00edduos.<\/p>\n<\/div><\/div>\n<div class=\"su-spoiler su-spoiler-style-fancy su-spoiler-icon-plus su-spoiler-closed\" data-scroll-offset=\"0\" data-anchor-in-url=\"no\"><div class=\"su-spoiler-title\" tabindex=\"0\" role=\"button\"><span class=\"su-spoiler-icon\"><\/span>Manuten\u00e7\u00e3o F\u00e1cil<\/div><div class=\"su-spoiler-content su-u-clearfix su-u-trim\">\n<p><strong>Manuten\u00e7\u00e3o F\u00e1cil<\/strong><br \/>\nUma vez instalado o <strong>Fulget<\/strong>, basta utilizar \u00e1gua em lavadora a jato de alta press\u00e3o, ou \u00e1gua e sab\u00e3o neutro em lavagem manual.<\/p>\n<\/div><\/div>\n<h3 class=\"style2\">Fulget da Stone Crystal<\/h3>\n<p>Com cat\u00e1logo de cores e diversas granulaturas, a <strong>Stone Crystal\u00a0<\/strong> desenvolveu um revestimento Fulget de alt\u00edssima qualidade, primando por eleg\u00e2ncia e naturalidade.<br \/>\nToda a nossa linha de <strong>Fulget Resinado<\/strong> foi desenvolvida para atender a clientes exigentes, sendo constantemente escolhida e indicada por arquitetos e engenheiros em revestimentos de pisos, interior de piscinas, paredes e fachadas.<br \/>\nTrabalhamos tamb\u00e9m com o <strong>Fulget Ciment\u00edcio<\/strong>\u00a0\u00e0 base de cimento e adi\u00e7\u00e3o de pedriscos minerais<b>.<br \/>\n<\/b><a href=\"https:\/\/stonecrystal.com.br\/fulget\/orcamentos\/\">Fale conosco<\/a>\u00a0e pe\u00e7a uma visita t\u00e9cnica para conhecer toda a linha de\u00a0<strong>Fulget da Stone Crystal<\/strong>.<\/p>\n<h3 class=\"style2\">O que \u00e9 Fulget?<\/h3>\n<p>Trazido ao Brasil ainda na d\u00e9cada de 80, por italianos, o &#8220;fulget&#8221; (com pron\u00fancia &#8220;fulg\u00ea&#8221;) possivelmente tem origem na Fran\u00e7a que tamb\u00e9m trouxe seu nome (em tradu\u00e7\u00e3o livre ou em latim: &#8220;brilho&#8221;) contendo a ideia de piso com part\u00edculas de minerais adicionados, podendo variar com pequenos peda\u00e7os de minerais, como calc\u00e1rio, quartzo ou com a adi\u00e7\u00e3o de pequenos pedriscos.<\/p>\n<p>O <strong>Fulget<\/strong> atualmente \u00e9 o melhor produto no mercado para pisos e revestimentos, destacando-se sobretudo por ser um material totalmente antiderrapante e de alta resist\u00eancia a intemp\u00e9ries, ideal para revestir pisos, fachadas e, especialmente, para \u00e1rea de entorno e interior de piscinas, com durabilidade incompar\u00e1vel<br \/>\nSomadas a tais caracter\u00edsticas, est\u00e1 seu valor est\u00e9tico, agregando visual bonito, super natural e elegante a qualquer ambiente.<\/p>\n\t\t<div id=\"instagram-gallery-feed-2\" class=\"instagram-gallery-feed\" data-feed=\"{&quot;id&quot;:2,&quot;account_id&quot;:&quot;17841408699431294&quot;,&quot;source&quot;:&quot;username&quot;,&quot;tag&quot;:&quot;wordpress&quot;,&quot;order_by&quot;:&quot;top_media&quot;,&quot;layout&quot;:&quot;carousel&quot;,&quot;limit&quot;:50,&quot;columns&quot;:3,&quot;spacing&quot;:10,&quot;lazy&quot;:false,&quot;responsive&quot;:{&quot;desktop&quot;:{&quot;columns&quot;:3,&quot;spacing&quot;:10},&quot;tablet&quot;:{&quot;columns&quot;:2,&quot;spacing&quot;:8},&quot;mobile&quot;:{&quot;columns&quot;:1,&quot;spacing&quot;:6},&quot;breakpoints&quot;:{&quot;tablet&quot;:768,&quot;mobile&quot;:480}},&quot;aspect_ratio&quot;:{&quot;width&quot;:1,&quot;height&quot;:1},&quot;highlight&quot;:{&quot;tag&quot;:&quot;&quot;,&quot;id&quot;:&quot;&quot;,&quot;position&quot;:&quot;&quot;},&quot;reel&quot;:{&quot;hide&quot;:false},&quot;copyright&quot;:{&quot;hide&quot;:false,&quot;placeholder&quot;:&quot;&quot;},&quot;profile&quot;:{&quot;display&quot;:false,&quot;username&quot;:&quot;&quot;,&quot;nickname&quot;:&quot;&quot;,&quot;website&quot;:&quot;&quot;,&quot;biography&quot;:&quot;&quot;,&quot;link_text&quot;:&quot;Follow&quot;,&quot;website_text&quot;:&quot;Website&quot;,&quot;avatar&quot;:&quot;&quot;},&quot;box&quot;:{&quot;display&quot;:false,&quot;padding&quot;:1,&quot;radius&quot;:0,&quot;background&quot;:&quot;#fefefe&quot;,&quot;profile&quot;:false,&quot;desc&quot;:&quot;&quot;,&quot;text_color&quot;:&quot;#000000&quot;},&quot;mask&quot;:{&quot;display&quot;:true,&quot;background&quot;:&quot;#000000&quot;,&quot;icon_color&quot;:&quot;#ffffff&quot;,&quot;likes_count&quot;:true,&quot;comments_count&quot;:true},&quot;card&quot;:{&quot;display&quot;:false,&quot;radius&quot;:1,&quot;font_size&quot;:12,&quot;background&quot;:&quot;#ffffff&quot;,&quot;background_hover&quot;:&quot;&quot;,&quot;text_color&quot;:&quot;#000000&quot;,&quot;padding&quot;:5,&quot;likes_count&quot;:true,&quot;text_length&quot;:10,&quot;comments_count&quot;:true,&quot;text_align&quot;:&quot;left&quot;},&quot;carousel&quot;:{&quot;centered_slides&quot;:false,&quot;autoplay&quot;:false,&quot;autoplay_interval&quot;:3000,&quot;navarrows&quot;:true,&quot;navarrows_color&quot;:&quot;&quot;,&quot;pagination&quot;:true,&quot;pagination_color&quot;:&quot;&quot;},&quot;modal&quot;:{&quot;display&quot;:true,&quot;profile&quot;:false,&quot;media_description&quot;:true,&quot;likes_count&quot;:true,&quot;comments_count&quot;:true,&quot;comments_list&quot;:false,&quot;text_align&quot;:&quot;left&quot;,&quot;modal_align&quot;:&quot;right&quot;,&quot;text_length&quot;:10000,&quot;font_size&quot;:12},&quot;button&quot;:{&quot;display&quot;:true,&quot;text&quot;:&quot;Ver + Fotos no Instagram&quot;,&quot;text_color&quot;:&quot;#ffff&quot;,&quot;background&quot;:&quot;&quot;,&quot;background_hover&quot;:&quot;&quot;},&quot;button_load&quot;:{&quot;display&quot;:false,&quot;text&quot;:&quot;Load more...&quot;,&quot;text_color&quot;:&quot;#ffff&quot;,&quot;background&quot;:&quot;&quot;,&quot;background_hover&quot;:&quot;&quot;}}\">\n\t\t<!-- <FeedContainer\/> -->\n\t\t<\/div>\n\t\t\n","protected":false},"excerpt":{"rendered":"<p>Por que escolher Fulget? Clique nos t\u00f3picos abaixo e veja as vantagens do Fulget Stone Crystal: Fulget da Stone Crystal Com cat\u00e1logo de cores e diversas granulaturas, a Stone Crystal\u00a0 desenvolveu um revestimento Fulget de alt\u00edssima qualidade, primando por eleg\u00e2ncia e naturalidade. Toda a nossa linha de Fulget Resinado foi desenvolvida para atender a clientes exigentes, sendo constantemente escolhida e indicada por arquitetos e engenheiros em revestimentos de pisos, interior de piscinas, paredes e fachadas. Trabalhamos tamb\u00e9m com o Fulget Ciment\u00edcio\u00a0\u00e0 base de cimento e adi\u00e7\u00e3o de pedriscos minerais. Fale conosco\u00a0e pe\u00e7a uma visita t\u00e9cnica para conhecer toda a linha&#8230; <\/p>\n","protected":false},"author":1,"featured_media":0,"parent":0,"menu_order":0,"comment_status":"closed","ping_status":"closed","template":"","meta":{"footnotes":"","_links_to":"","_links_to_target":""},"class_list":["post-23","page","type-page","status-publish","hentry"],"_links":{"self":[{"href":"https:\/\/stonecrystal.com.br\/fulget\/wp-json\/wp\/v2\/pages\/23","targetHints":{"allow":["GET"]}}],"collection":[{"href":"https:\/\/stonecrystal.com.br\/fulget\/wp-json\/wp\/v2\/pages"}],"about":[{"href":"https:\/\/stonecrystal.com.br\/fulget\/wp-json\/wp\/v2\/types\/page"}],"author":[{"embeddable":true,"href":"https:\/\/stonecrystal.com.br\/fulget\/wp-json\/wp\/v2\/users\/1"}],"replies":[{"embeddable":true,"href":"https:\/\/stonecrystal.com.br\/fulget\/wp-json\/wp\/v2\/comments?post=23"}],"version-history":[{"count":26,"href":"https:\/\/stonecrystal.com.br\/fulget\/wp-json\/wp\/v2\/pages\/23\/revisions"}],"predecessor-version":[{"id":569,"href":"https:\/\/stonecrystal.com.br\/fulget\/wp-json\/wp\/v2\/pages\/23\/revisions\/569"}],"wp:attachment":[{"href":"https:\/\/stonecrystal.com.br\/fulget\/wp-json\/wp\/v2\/media?parent=23"}],"curies":[{"name":"wp","href":"https:\/\/api.w.org\/{rel}","templated":true}]}}