{"id":521,"date":"2021-03-22T16:24:52","date_gmt":"2021-03-22T19:24:52","guid":{"rendered":"https:\/\/stonecrystal.com.br\/fulget\/?page_id=521"},"modified":"2022-03-16T09:09:39","modified_gmt":"2022-03-16T12:09:39","slug":"granitina-e-granilite","status":"publish","type":"page","link":"https:\/\/stonecrystal.com.br\/fulget\/granitina-e-granilite\/","title":{"rendered":"Fulget em pisos e paredes"},"content":{"rendered":"<h3 class=\"style2\">Pisos Fulget Stone Crystal<\/h3>\n<p>O <strong>Fulget Stone Crystal<\/strong>, especialmente em sua vers\u00e3o resinado, com adi\u00e7\u00e3o de pedriscos de minerais, \u00e9 um revestimento perfeito para pisos externos ou internos, podendo ser aplicado em qualquer tipo de superf\u00edcie.<\/p>\n<div class=\"su-image-carousel  su-image-carousel-has-spacing su-image-carousel-crop su-image-carousel-crop-4-3 su-image-carousel-has-lightbox su-image-carousel-has-outline su-image-carousel-adaptive su-image-carousel-slides-style-default su-image-carousel-controls-style-dark su-image-carousel-align-none\" style=\"\" data-flickity-options='{\"groupCells\":true,\"cellSelector\":\".su-image-carousel-item\",\"adaptiveHeight\":false,\"cellAlign\":\"left\",\"prevNextButtons\":true,\"pageDots\":true,\"autoPlay\":4000,\"imagesLoaded\":true,\"contain\":true,\"selectedAttraction\":0.025000000000000001387778780781445675529539585113525390625,\"friction\":0.2800000000000000266453525910037569701671600341796875}' id=\"su_image_carousel_69e037d9d8885\"><div class=\"su-image-carousel-item\"><div class=\"su-image-carousel-item-content\"><a href=\"https:\/\/stonecrystal.com.br\/fulget\/wp-content\/uploads\/2020\/08\/02.jpg\" target=\"_blank\" rel=\"noopener noreferrer\" data-caption=\"Fulget Stone Crystal\"><img loading=\"lazy\" decoding=\"async\" width=\"960\" height=\"960\" src=\"https:\/\/stonecrystal.com.br\/fulget\/wp-content\/uploads\/2020\/08\/02.jpg\" class=\"\" alt=\"Fulget Stone Crystal\" srcset=\"https:\/\/stonecrystal.com.br\/fulget\/wp-content\/uploads\/2020\/08\/02.jpg 960w, https:\/\/stonecrystal.com.br\/fulget\/wp-content\/uploads\/2020\/08\/02-300x300.jpg 300w, https:\/\/stonecrystal.com.br\/fulget\/wp-content\/uploads\/2020\/08\/02-150x150.jpg 150w, https:\/\/stonecrystal.com.br\/fulget\/wp-content\/uploads\/2020\/08\/02-768x768.jpg 768w\" sizes=\"auto, (max-width: 960px) 100vw, 960px\" \/><\/a><\/div><\/div><div class=\"su-image-carousel-item\"><div class=\"su-image-carousel-item-content\"><a href=\"https:\/\/stonecrystal.com.br\/fulget\/wp-content\/uploads\/2020\/08\/03.jpg\" target=\"_blank\" rel=\"noopener noreferrer\" data-caption=\"Fulget Stone Crystal\"><img loading=\"lazy\" decoding=\"async\" width=\"720\" height=\"960\" src=\"https:\/\/stonecrystal.com.br\/fulget\/wp-content\/uploads\/2020\/08\/03.jpg\" class=\"\" alt=\"Fulget Stone Crystal\" srcset=\"https:\/\/stonecrystal.com.br\/fulget\/wp-content\/uploads\/2020\/08\/03.jpg 720w, https:\/\/stonecrystal.com.br\/fulget\/wp-content\/uploads\/2020\/08\/03-225x300.jpg 225w\" sizes=\"auto, (max-width: 720px) 100vw, 720px\" \/><\/a><\/div><\/div><div class=\"su-image-carousel-item\"><div class=\"su-image-carousel-item-content\"><a href=\"https:\/\/stonecrystal.com.br\/fulget\/wp-content\/uploads\/2020\/08\/04.jpg\" target=\"_blank\" rel=\"noopener noreferrer\" data-caption=\"Piso Fulget Drenante\"><img loading=\"lazy\" decoding=\"async\" width=\"720\" height=\"960\" src=\"https:\/\/stonecrystal.com.br\/fulget\/wp-content\/uploads\/2020\/08\/04.jpg\" class=\"\" alt=\"Fulget Stone Crystal\" srcset=\"https:\/\/stonecrystal.com.br\/fulget\/wp-content\/uploads\/2020\/08\/04.jpg 720w, https:\/\/stonecrystal.com.br\/fulget\/wp-content\/uploads\/2020\/08\/04-225x300.jpg 225w\" sizes=\"auto, (max-width: 720px) 100vw, 720px\" \/><\/a><\/div><\/div><div class=\"su-image-carousel-item\"><div class=\"su-image-carousel-item-content\"><a href=\"https:\/\/stonecrystal.com.br\/fulget\/wp-content\/uploads\/2020\/08\/07.jpg\" target=\"_blank\" rel=\"noopener noreferrer\" data-caption=\"Piso Fulget Drenante\"><img loading=\"lazy\" decoding=\"async\" width=\"960\" height=\"540\" src=\"https:\/\/stonecrystal.com.br\/fulget\/wp-content\/uploads\/2020\/08\/07.jpg\" class=\"\" alt=\"Fulget Stone Crystal\" srcset=\"https:\/\/stonecrystal.com.br\/fulget\/wp-content\/uploads\/2020\/08\/07.jpg 960w, https:\/\/stonecrystal.com.br\/fulget\/wp-content\/uploads\/2020\/08\/07-300x169.jpg 300w, https:\/\/stonecrystal.com.br\/fulget\/wp-content\/uploads\/2020\/08\/07-768x432.jpg 768w\" sizes=\"auto, (max-width: 960px) 100vw, 960px\" \/><\/a><\/div><\/div><div class=\"su-image-carousel-item\"><div class=\"su-image-carousel-item-content\"><a href=\"https:\/\/stonecrystal.com.br\/fulget\/wp-content\/uploads\/2020\/08\/08.jpg\" target=\"_blank\" rel=\"noopener noreferrer\" data-caption=\"Piso Fulget Drenante\"><img loading=\"lazy\" decoding=\"async\" width=\"540\" height=\"960\" src=\"https:\/\/stonecrystal.com.br\/fulget\/wp-content\/uploads\/2020\/08\/08.jpg\" class=\"\" alt=\"Fulget Stone Crystal\" srcset=\"https:\/\/stonecrystal.com.br\/fulget\/wp-content\/uploads\/2020\/08\/08.jpg 540w, https:\/\/stonecrystal.com.br\/fulget\/wp-content\/uploads\/2020\/08\/08-169x300.jpg 169w\" sizes=\"auto, (max-width: 540px) 100vw, 540px\" \/><\/a><\/div><\/div><div class=\"su-image-carousel-item\"><div class=\"su-image-carousel-item-content\"><a href=\"https:\/\/stonecrystal.com.br\/fulget\/wp-content\/uploads\/2020\/08\/10.jpg\" target=\"_blank\" rel=\"noopener noreferrer\" data-caption=\"Parede Revestida em Fulget\"><img loading=\"lazy\" decoding=\"async\" width=\"540\" height=\"960\" src=\"https:\/\/stonecrystal.com.br\/fulget\/wp-content\/uploads\/2020\/08\/10.jpg\" class=\"\" alt=\"Fulget Stone Crystal\" srcset=\"https:\/\/stonecrystal.com.br\/fulget\/wp-content\/uploads\/2020\/08\/10.jpg 540w, https:\/\/stonecrystal.com.br\/fulget\/wp-content\/uploads\/2020\/08\/10-169x300.jpg 169w\" sizes=\"auto, (max-width: 540px) 100vw, 540px\" \/><\/a><\/div><\/div><div class=\"su-image-carousel-item\"><div class=\"su-image-carousel-item-content\"><a href=\"https:\/\/stonecrystal.com.br\/fulget\/wp-content\/uploads\/2020\/08\/12.jpg\" target=\"_blank\" rel=\"noopener noreferrer\" data-caption=\"Fulget Stone Crystal\"><img loading=\"lazy\" decoding=\"async\" width=\"960\" height=\"960\" src=\"https:\/\/stonecrystal.com.br\/fulget\/wp-content\/uploads\/2020\/08\/12.jpg\" class=\"\" alt=\"Fulget Stone Crystal\" srcset=\"https:\/\/stonecrystal.com.br\/fulget\/wp-content\/uploads\/2020\/08\/12.jpg 960w, https:\/\/stonecrystal.com.br\/fulget\/wp-content\/uploads\/2020\/08\/12-300x300.jpg 300w, https:\/\/stonecrystal.com.br\/fulget\/wp-content\/uploads\/2020\/08\/12-150x150.jpg 150w, https:\/\/stonecrystal.com.br\/fulget\/wp-content\/uploads\/2020\/08\/12-768x768.jpg 768w\" sizes=\"auto, (max-width: 960px) 100vw, 960px\" \/><\/a><\/div><\/div><div class=\"su-image-carousel-item\"><div class=\"su-image-carousel-item-content\"><a href=\"https:\/\/stonecrystal.com.br\/fulget\/wp-content\/uploads\/2020\/08\/14.jpg\" target=\"_blank\" rel=\"noopener noreferrer\" data-caption=\"Revestimento Fulget Escada\"><img loading=\"lazy\" decoding=\"async\" width=\"960\" height=\"960\" src=\"https:\/\/stonecrystal.com.br\/fulget\/wp-content\/uploads\/2020\/08\/14.jpg\" class=\"\" alt=\"Revestimentos em Fulget Stone Crystal\" srcset=\"https:\/\/stonecrystal.com.br\/fulget\/wp-content\/uploads\/2020\/08\/14.jpg 960w, https:\/\/stonecrystal.com.br\/fulget\/wp-content\/uploads\/2020\/08\/14-300x300.jpg 300w, https:\/\/stonecrystal.com.br\/fulget\/wp-content\/uploads\/2020\/08\/14-150x150.jpg 150w, https:\/\/stonecrystal.com.br\/fulget\/wp-content\/uploads\/2020\/08\/14-768x768.jpg 768w\" sizes=\"auto, (max-width: 960px) 100vw, 960px\" \/><\/a><\/div><\/div><div class=\"su-image-carousel-item\"><div class=\"su-image-carousel-item-content\"><a href=\"https:\/\/stonecrystal.com.br\/fulget\/wp-content\/uploads\/2020\/08\/15.jpg\" target=\"_blank\" rel=\"noopener noreferrer\" data-caption=\"Fulget Stone Crystal\"><img loading=\"lazy\" decoding=\"async\" width=\"960\" height=\"960\" src=\"https:\/\/stonecrystal.com.br\/fulget\/wp-content\/uploads\/2020\/08\/15.jpg\" class=\"\" alt=\"Revestimentos em Fulget Stone Crystal\" srcset=\"https:\/\/stonecrystal.com.br\/fulget\/wp-content\/uploads\/2020\/08\/15.jpg 960w, https:\/\/stonecrystal.com.br\/fulget\/wp-content\/uploads\/2020\/08\/15-300x300.jpg 300w, https:\/\/stonecrystal.com.br\/fulget\/wp-content\/uploads\/2020\/08\/15-150x150.jpg 150w, https:\/\/stonecrystal.com.br\/fulget\/wp-content\/uploads\/2020\/08\/15-768x768.jpg 768w\" sizes=\"auto, (max-width: 960px) 100vw, 960px\" \/><\/a><\/div><\/div><div class=\"su-image-carousel-item\"><div class=\"su-image-carousel-item-content\"><a href=\"https:\/\/stonecrystal.com.br\/fulget\/wp-content\/uploads\/2020\/08\/16.jpg\" target=\"_blank\" rel=\"noopener noreferrer\" data-caption=\"Piso Fulget Drenante\"><img loading=\"lazy\" decoding=\"async\" width=\"960\" height=\"720\" src=\"https:\/\/stonecrystal.com.br\/fulget\/wp-content\/uploads\/2020\/08\/16.jpg\" class=\"\" alt=\"Revestimentos em Fulget Stone Crystal\" srcset=\"https:\/\/stonecrystal.com.br\/fulget\/wp-content\/uploads\/2020\/08\/16.jpg 960w, https:\/\/stonecrystal.com.br\/fulget\/wp-content\/uploads\/2020\/08\/16-300x225.jpg 300w, https:\/\/stonecrystal.com.br\/fulget\/wp-content\/uploads\/2020\/08\/16-768x576.jpg 768w\" sizes=\"auto, (max-width: 960px) 100vw, 960px\" \/><\/a><\/div><\/div><div class=\"su-image-carousel-item\"><div class=\"su-image-carousel-item-content\"><a href=\"https:\/\/stonecrystal.com.br\/fulget\/wp-content\/uploads\/2020\/08\/17.jpg\" target=\"_blank\" rel=\"noopener noreferrer\" data-caption=\"Revestimento Fulget Escada\"><img loading=\"lazy\" decoding=\"async\" width=\"960\" height=\"960\" src=\"https:\/\/stonecrystal.com.br\/fulget\/wp-content\/uploads\/2020\/08\/17.jpg\" class=\"\" alt=\"Revestimentos em Fulget Stone Crystal\" srcset=\"https:\/\/stonecrystal.com.br\/fulget\/wp-content\/uploads\/2020\/08\/17.jpg 960w, https:\/\/stonecrystal.com.br\/fulget\/wp-content\/uploads\/2020\/08\/17-300x300.jpg 300w, https:\/\/stonecrystal.com.br\/fulget\/wp-content\/uploads\/2020\/08\/17-150x150.jpg 150w, https:\/\/stonecrystal.com.br\/fulget\/wp-content\/uploads\/2020\/08\/17-768x768.jpg 768w\" sizes=\"auto, (max-width: 960px) 100vw, 960px\" \/><\/a><\/div><\/div><div class=\"su-image-carousel-item\"><div class=\"su-image-carousel-item-content\"><a href=\"https:\/\/stonecrystal.com.br\/fulget\/wp-content\/uploads\/2020\/08\/18.jpg\" target=\"_blank\" rel=\"noopener noreferrer\" data-caption=\"Piso Fulget Drenante\"><img loading=\"lazy\" decoding=\"async\" width=\"960\" height=\"960\" src=\"https:\/\/stonecrystal.com.br\/fulget\/wp-content\/uploads\/2020\/08\/18.jpg\" class=\"\" alt=\"Revestimentos em Fulget Stone Crystal\" srcset=\"https:\/\/stonecrystal.com.br\/fulget\/wp-content\/uploads\/2020\/08\/18.jpg 960w, https:\/\/stonecrystal.com.br\/fulget\/wp-content\/uploads\/2020\/08\/18-300x300.jpg 300w, https:\/\/stonecrystal.com.br\/fulget\/wp-content\/uploads\/2020\/08\/18-150x150.jpg 150w, https:\/\/stonecrystal.com.br\/fulget\/wp-content\/uploads\/2020\/08\/18-768x768.jpg 768w\" sizes=\"auto, (max-width: 960px) 100vw, 960px\" \/><\/a><\/div><\/div><div class=\"su-image-carousel-item\"><div class=\"su-image-carousel-item-content\"><a href=\"https:\/\/stonecrystal.com.br\/fulget\/wp-content\/uploads\/2020\/08\/20.jpg\" target=\"_blank\" rel=\"noopener noreferrer\" data-caption=\"Piso Fulget Drenante\"><img loading=\"lazy\" decoding=\"async\" width=\"960\" height=\"960\" src=\"https:\/\/stonecrystal.com.br\/fulget\/wp-content\/uploads\/2020\/08\/20.jpg\" class=\"\" alt=\"Revestimentos em Fulget Stone Crystal\" srcset=\"https:\/\/stonecrystal.com.br\/fulget\/wp-content\/uploads\/2020\/08\/20.jpg 960w, https:\/\/stonecrystal.com.br\/fulget\/wp-content\/uploads\/2020\/08\/20-300x300.jpg 300w, https:\/\/stonecrystal.com.br\/fulget\/wp-content\/uploads\/2020\/08\/20-150x150.jpg 150w, https:\/\/stonecrystal.com.br\/fulget\/wp-content\/uploads\/2020\/08\/20-768x768.jpg 768w\" sizes=\"auto, (max-width: 960px) 100vw, 960px\" \/><\/a><\/div><\/div><div class=\"su-image-carousel-item\"><div class=\"su-image-carousel-item-content\"><a href=\"https:\/\/stonecrystal.com.br\/fulget\/wp-content\/uploads\/2020\/08\/24.jpg\" target=\"_blank\" rel=\"noopener noreferrer\" data-caption=\"Parede Revestida em Fulget\"><img loading=\"lazy\" decoding=\"async\" width=\"960\" height=\"720\" src=\"https:\/\/stonecrystal.com.br\/fulget\/wp-content\/uploads\/2020\/08\/24.jpg\" class=\"\" alt=\"Fulget Stone Crystal\" srcset=\"https:\/\/stonecrystal.com.br\/fulget\/wp-content\/uploads\/2020\/08\/24.jpg 960w, https:\/\/stonecrystal.com.br\/fulget\/wp-content\/uploads\/2020\/08\/24-300x225.jpg 300w, https:\/\/stonecrystal.com.br\/fulget\/wp-content\/uploads\/2020\/08\/24-768x576.jpg 768w\" sizes=\"auto, (max-width: 960px) 100vw, 960px\" \/><\/a><\/div><\/div><div class=\"su-image-carousel-item\"><div class=\"su-image-carousel-item-content\"><a href=\"https:\/\/stonecrystal.com.br\/fulget\/wp-content\/uploads\/2020\/08\/31.jpg\" target=\"_blank\" rel=\"noopener noreferrer\" data-caption=\"Fulget Stone Crystal\"><img loading=\"lazy\" decoding=\"async\" width=\"960\" height=\"960\" src=\"https:\/\/stonecrystal.com.br\/fulget\/wp-content\/uploads\/2020\/08\/31.jpg\" class=\"\" alt=\"Fulget Stone Crystal\" srcset=\"https:\/\/stonecrystal.com.br\/fulget\/wp-content\/uploads\/2020\/08\/31.jpg 960w, https:\/\/stonecrystal.com.br\/fulget\/wp-content\/uploads\/2020\/08\/31-300x300.jpg 300w, https:\/\/stonecrystal.com.br\/fulget\/wp-content\/uploads\/2020\/08\/31-150x150.jpg 150w, https:\/\/stonecrystal.com.br\/fulget\/wp-content\/uploads\/2020\/08\/31-768x768.jpg 768w\" sizes=\"auto, (max-width: 960px) 100vw, 960px\" \/><\/a><\/div><\/div><div class=\"su-image-carousel-item\"><div class=\"su-image-carousel-item-content\"><a href=\"https:\/\/stonecrystal.com.br\/fulget\/wp-content\/uploads\/2020\/08\/32.jpg\" target=\"_blank\" rel=\"noopener noreferrer\" data-caption=\"Fulget Stone Crystal\"><img loading=\"lazy\" decoding=\"async\" width=\"960\" height=\"720\" src=\"https:\/\/stonecrystal.com.br\/fulget\/wp-content\/uploads\/2020\/08\/32.jpg\" class=\"\" alt=\"Fulget Stone Crystal\" srcset=\"https:\/\/stonecrystal.com.br\/fulget\/wp-content\/uploads\/2020\/08\/32.jpg 960w, https:\/\/stonecrystal.com.br\/fulget\/wp-content\/uploads\/2020\/08\/32-300x225.jpg 300w, https:\/\/stonecrystal.com.br\/fulget\/wp-content\/uploads\/2020\/08\/32-768x576.jpg 768w\" sizes=\"auto, (max-width: 960px) 100vw, 960px\" \/><\/a><\/div><\/div><div class=\"su-image-carousel-item\"><div class=\"su-image-carousel-item-content\"><a href=\"https:\/\/stonecrystal.com.br\/fulget\/wp-content\/uploads\/2020\/09\/piascina-com-fulget.jpg\" target=\"_blank\" rel=\"noopener noreferrer\" data-caption=\"Piso Fulget Piscina\"><img loading=\"lazy\" decoding=\"async\" width=\"920\" height=\"920\" src=\"https:\/\/stonecrystal.com.br\/fulget\/wp-content\/uploads\/2020\/09\/piascina-com-fulget.jpg\" class=\"\" alt=\"Piscina com Fulget Stone Crystal Fino Branco, Similar a Areia Para Piscinas\" srcset=\"https:\/\/stonecrystal.com.br\/fulget\/wp-content\/uploads\/2020\/09\/piascina-com-fulget.jpg 920w, https:\/\/stonecrystal.com.br\/fulget\/wp-content\/uploads\/2020\/09\/piascina-com-fulget-300x300.jpg 300w, https:\/\/stonecrystal.com.br\/fulget\/wp-content\/uploads\/2020\/09\/piascina-com-fulget-150x150.jpg 150w, https:\/\/stonecrystal.com.br\/fulget\/wp-content\/uploads\/2020\/09\/piascina-com-fulget-768x768.jpg 768w\" sizes=\"auto, (max-width: 920px) 100vw, 920px\" \/><\/a><\/div><\/div><\/div><script id=\"su_image_carousel_69e037d9d8885_script\">if(window.SUImageCarousel){setTimeout(function() {window.SUImageCarousel.initGallery(document.getElementById(\"su_image_carousel_69e037d9d8885\"))}, 0);}var su_image_carousel_69e037d9d8885_script=document.getElementById(\"su_image_carousel_69e037d9d8885_script\");if(su_image_carousel_69e037d9d8885_script){su_image_carousel_69e037d9d8885_script.parentNode.removeChild(su_image_carousel_69e037d9d8885_script);}<\/script>\n<div class=\"custombtn\" style=\"text-align:center\">\t\r\n\t   <a class=\"button\" href=\"https:\/\/stonecrystal.com.br\/fulget\/fotos-obras\/\" target=\"\">Mais Fotos<\/a>\t   \t   \r\n\t<\/div>\n<p>&nbsp;<\/p>\n<div class=\"su-note\"  style=\"border-color:#e5e5e5;border-radius:3px;-moz-border-radius:3px;-webkit-border-radius:3px;\"><div class=\"su-note-inner su-u-clearfix su-u-trim\" style=\"background-color:#ffffff;border-color:#ffffff;color:#333333;border-radius:3px;-moz-border-radius:3px;-webkit-border-radius:3px;\">\n<h3><strong>Fulget <\/strong><strong>com instala\u00e7\u00e3o e acabamento, entregando o piso totalmente pronto!<\/strong><\/h3>\n<p>O <strong>Fulget Stone Crystal<\/strong> \u00e9 indicado em qualquer tipo de piso, em \u00e1rea interna ou externa, em projetos residenciais, comerciais e industriais, por sua <a href=\"https:\/\/stonecrystal.com.br\/fulget\/vantagens-do-fulget\/\">beleza, aspecto natural e alta resist\u00eancia<\/a>, em \u00e1reas secas ou molhadas como entorno e interior de piscinas, pela sua caracter\u00edstica <a href=\"https:\/\/stonecrystal.com.br\/fulget\/vantagens-do-fulget\/\">antiderrapante<\/a>.<br \/>\n<strong><a href=\"https:\/\/stonecrystal.com.br\/fulget\/orcamentos\/\">Fale conosco<\/a><\/strong> e solicite uma visita para demonstra\u00e7\u00e3o de nosso cat\u00e1logo e portf\u00f3lio completo de servi\u00e7os.<\/p>\n<\/div><\/div>\n<div class=\"custombtn\" style=\"text-align:center\">\t\r\n\t   <a class=\"button\" href=\"https:\/\/web.whatsapp.com\/send?phone=5521966486654&amp;text=Ol\u00e1! Acessei o site da Stone Crystal e gostaria de mais informa\u00e7\u00f5es sobre Fulget\" target=\"_blank\">Solicite Or\u00e7amento Whatsapp<\/a>\t   \t   \r\n\t<\/div>\n","protected":false},"excerpt":{"rendered":"<p>Pisos Fulget Stone Crystal O Fulget Stone Crystal, especialmente em sua vers\u00e3o resinado, com adi\u00e7\u00e3o de pedriscos de minerais, \u00e9 um revestimento perfeito para pisos externos ou internos, podendo ser aplicado em qualquer tipo de superf\u00edcie. &nbsp;<\/p>\n","protected":false},"author":1,"featured_media":0,"parent":0,"menu_order":0,"comment_status":"closed","ping_status":"closed","template":"","meta":{"footnotes":"","_links_to":"","_links_to_target":""},"class_list":["post-521","page","type-page","status-publish","hentry"],"_links":{"self":[{"href":"https:\/\/stonecrystal.com.br\/fulget\/wp-json\/wp\/v2\/pages\/521","targetHints":{"allow":["GET"]}}],"collection":[{"href":"https:\/\/stonecrystal.com.br\/fulget\/wp-json\/wp\/v2\/pages"}],"about":[{"href":"https:\/\/stonecrystal.com.br\/fulget\/wp-json\/wp\/v2\/types\/page"}],"author":[{"embeddable":true,"href":"https:\/\/stonecrystal.com.br\/fulget\/wp-json\/wp\/v2\/users\/1"}],"replies":[{"embeddable":true,"href":"https:\/\/stonecrystal.com.br\/fulget\/wp-json\/wp\/v2\/comments?post=521"}],"version-history":[{"count":10,"href":"https:\/\/stonecrystal.com.br\/fulget\/wp-json\/wp\/v2\/pages\/521\/revisions"}],"predecessor-version":[{"id":628,"href":"https:\/\/stonecrystal.com.br\/fulget\/wp-json\/wp\/v2\/pages\/521\/revisions\/628"}],"wp:attachment":[{"href":"https:\/\/stonecrystal.com.br\/fulget\/wp-json\/wp\/v2\/media?parent=521"}],"curies":[{"name":"wp","href":"https:\/\/api.w.org\/{rel}","templated":true}]}}