{"id":732,"date":"2022-08-31T09:09:32","date_gmt":"2022-08-31T12:09:32","guid":{"rendered":"https:\/\/stonecrystal.com.br\/fulget\/?page_id=732"},"modified":"2022-09-06T10:43:08","modified_gmt":"2022-09-06T13:43:08","slug":"cimento-queimado","status":"publish","type":"page","link":"https:\/\/stonecrystal.com.br\/fulget\/cimento-queimado\/","title":{"rendered":"Cimento Queimado"},"content":{"rendered":"<h3 class=\"style2\">Revestimento Cimento Queimado<\/h3>\n<p>Op\u00e7\u00e3o em alta entre os melhores arquitetos, o revestimento utilizando <strong>Cimento Queimado<\/strong> apresenta uma <strong>est\u00e9tica moderna<\/strong>, com <strong>conceito r\u00fastico<\/strong>, remetendo ao <strong>estilo industrial<\/strong>, muito utilizado em projetos de bom gosto para conferir <strong>nuances de neutralidade<\/strong> e <strong>sofistica\u00e7\u00e3o<\/strong> ao ambiente, sendo cada vez mais utilizado em <strong>projetos de alto padr\u00e3o<\/strong>.<\/p>\n<p>Proporciona ainda <strong>sensa\u00e7\u00e3o de amplitude ao ambiente, al\u00e9m<\/strong> de possibilidade de <strong>personalizar tonalidade e textura<\/strong>, criando um revestimento \u00fanico e personalizado para projetos residenciais ou comerciais.<\/p>\n<blockquote>\n<h3>O Cimento Queimado \u00e9 muito procurado como op\u00e7\u00e3o para revestimento de pisos ou paredes de cozinhas, salas e varandas, al\u00e9m de ser muito utilizado em escrit\u00f3rios e lojas, valorizando espa\u00e7os com design diferenciado.<\/h3>\n<\/blockquote>\n<div class=\"su-image-carousel  su-image-carousel-has-spacing su-image-carousel-crop su-image-carousel-crop-4-3 su-image-carousel-has-lightbox su-image-carousel-has-outline su-image-carousel-adaptive su-image-carousel-slides-style-photo su-image-carousel-controls-style-dark su-image-carousel-align-none\" style=\"\" data-flickity-options='{\"groupCells\":true,\"cellSelector\":\".su-image-carousel-item\",\"adaptiveHeight\":false,\"cellAlign\":\"left\",\"prevNextButtons\":true,\"pageDots\":false,\"autoPlay\":4000,\"imagesLoaded\":true,\"contain\":true,\"selectedAttraction\":0.025000000000000001387778780781445675529539585113525390625,\"friction\":0.2800000000000000266453525910037569701671600341796875}' id=\"su_image_carousel_69e049fee1450\"><div class=\"su-image-carousel-item\"><div class=\"su-image-carousel-item-content\"><a href=\"https:\/\/stonecrystal.com.br\/fulget\/wp-content\/uploads\/2022\/08\/101.jpeg\" target=\"_blank\" rel=\"noopener noreferrer\" data-caption=\"CIMENTO QUEIMADO\"><img loading=\"lazy\" decoding=\"async\" width=\"719\" height=\"719\" src=\"https:\/\/stonecrystal.com.br\/fulget\/wp-content\/uploads\/2022\/08\/101.jpeg\" class=\"\" alt=\"CIMENTO QUEIMADO\" srcset=\"https:\/\/stonecrystal.com.br\/fulget\/wp-content\/uploads\/2022\/08\/101.jpeg 719w, https:\/\/stonecrystal.com.br\/fulget\/wp-content\/uploads\/2022\/08\/101-300x300.jpeg 300w, https:\/\/stonecrystal.com.br\/fulget\/wp-content\/uploads\/2022\/08\/101-150x150.jpeg 150w\" sizes=\"auto, (max-width: 719px) 100vw, 719px\" \/><\/a><\/div><\/div><div class=\"su-image-carousel-item\"><div class=\"su-image-carousel-item-content\"><a href=\"https:\/\/stonecrystal.com.br\/fulget\/wp-content\/uploads\/2022\/08\/102.jpeg\" target=\"_blank\" rel=\"noopener noreferrer\" data-caption=\"CIMENTO QUEIMADO\"><img loading=\"lazy\" decoding=\"async\" width=\"576\" height=\"1024\" src=\"https:\/\/stonecrystal.com.br\/fulget\/wp-content\/uploads\/2022\/08\/102-576x1024.jpeg\" class=\"\" alt=\"CIMENTO QUEIMADO\" srcset=\"https:\/\/stonecrystal.com.br\/fulget\/wp-content\/uploads\/2022\/08\/102-576x1024.jpeg 576w, https:\/\/stonecrystal.com.br\/fulget\/wp-content\/uploads\/2022\/08\/102-169x300.jpeg 169w, https:\/\/stonecrystal.com.br\/fulget\/wp-content\/uploads\/2022\/08\/102.jpeg 720w\" sizes=\"auto, (max-width: 576px) 100vw, 576px\" \/><\/a><\/div><\/div><div class=\"su-image-carousel-item\"><div class=\"su-image-carousel-item-content\"><a href=\"https:\/\/stonecrystal.com.br\/fulget\/wp-content\/uploads\/2022\/08\/103.jpeg\" target=\"_blank\" rel=\"noopener noreferrer\" data-caption=\"CIMENTO QUEIMADO\"><img loading=\"lazy\" decoding=\"async\" width=\"576\" height=\"1024\" src=\"https:\/\/stonecrystal.com.br\/fulget\/wp-content\/uploads\/2022\/08\/103-576x1024.jpeg\" class=\"\" alt=\"CIMENTO QUEIMADO\" srcset=\"https:\/\/stonecrystal.com.br\/fulget\/wp-content\/uploads\/2022\/08\/103-576x1024.jpeg 576w, https:\/\/stonecrystal.com.br\/fulget\/wp-content\/uploads\/2022\/08\/103-169x300.jpeg 169w, https:\/\/stonecrystal.com.br\/fulget\/wp-content\/uploads\/2022\/08\/103.jpeg 720w\" sizes=\"auto, (max-width: 576px) 100vw, 576px\" \/><\/a><\/div><\/div><div class=\"su-image-carousel-item\"><div class=\"su-image-carousel-item-content\"><a href=\"https:\/\/stonecrystal.com.br\/fulget\/wp-content\/uploads\/2022\/08\/104.jpeg\" target=\"_blank\" rel=\"noopener noreferrer\" data-caption=\"CIMENTO QUEIMADO\"><img loading=\"lazy\" decoding=\"async\" width=\"1024\" height=\"1024\" src=\"https:\/\/stonecrystal.com.br\/fulget\/wp-content\/uploads\/2022\/08\/104-1024x1024.jpeg\" class=\"\" alt=\"CIMENTO QUEIMADO\" srcset=\"https:\/\/stonecrystal.com.br\/fulget\/wp-content\/uploads\/2022\/08\/104-1024x1024.jpeg 1024w, https:\/\/stonecrystal.com.br\/fulget\/wp-content\/uploads\/2022\/08\/104-300x300.jpeg 300w, https:\/\/stonecrystal.com.br\/fulget\/wp-content\/uploads\/2022\/08\/104-150x150.jpeg 150w, https:\/\/stonecrystal.com.br\/fulget\/wp-content\/uploads\/2022\/08\/104-768x768.jpeg 768w, https:\/\/stonecrystal.com.br\/fulget\/wp-content\/uploads\/2022\/08\/104.jpeg 1080w\" sizes=\"auto, (max-width: 1024px) 100vw, 1024px\" \/><\/a><\/div><\/div><div class=\"su-image-carousel-item\"><div class=\"su-image-carousel-item-content\"><a href=\"https:\/\/stonecrystal.com.br\/fulget\/wp-content\/uploads\/2022\/08\/100.jpeg\" target=\"_blank\" rel=\"noopener noreferrer\" data-caption=\"CIMENTO QUEIMADO\"><img loading=\"lazy\" decoding=\"async\" width=\"576\" height=\"1024\" src=\"https:\/\/stonecrystal.com.br\/fulget\/wp-content\/uploads\/2022\/08\/100-576x1024.jpeg\" class=\"\" alt=\"CIMENTO QUEIMADO\" srcset=\"https:\/\/stonecrystal.com.br\/fulget\/wp-content\/uploads\/2022\/08\/100-576x1024.jpeg 576w, https:\/\/stonecrystal.com.br\/fulget\/wp-content\/uploads\/2022\/08\/100-169x300.jpeg 169w, https:\/\/stonecrystal.com.br\/fulget\/wp-content\/uploads\/2022\/08\/100.jpeg 720w\" sizes=\"auto, (max-width: 576px) 100vw, 576px\" \/><\/a><\/div><\/div><\/div><script id=\"su_image_carousel_69e049fee1450_script\">if(window.SUImageCarousel){setTimeout(function() {window.SUImageCarousel.initGallery(document.getElementById(\"su_image_carousel_69e049fee1450\"))}, 0);}var su_image_carousel_69e049fee1450_script=document.getElementById(\"su_image_carousel_69e049fee1450_script\");if(su_image_carousel_69e049fee1450_script){su_image_carousel_69e049fee1450_script.parentNode.removeChild(su_image_carousel_69e049fee1450_script);}<\/script>\n<p>&nbsp;<\/p>\n\n\t\t<style type=\"text\/css\">\n\t\t\t#gallery-1 {\n\t\t\t\tmargin: auto;\n\t\t\t}\n\t\t\t#gallery-1 .gallery-item {\n\t\t\t\tfloat: left;\n\t\t\t\tmargin-top: 10px;\n\t\t\t\ttext-align: center;\n\t\t\t\twidth: 33%;\n\t\t\t}\n\t\t\t#gallery-1 img {\n\t\t\t\tborder: 2px solid #cfcfcf;\n\t\t\t}\n\t\t\t#gallery-1 .gallery-caption {\n\t\t\t\tmargin-left: 0;\n\t\t\t}\n\t\t\t\/* see gallery_shortcode() in wp-includes\/media.php *\/\n\t\t<\/style>\n\t\t<div id='gallery-1' class='gallery galleryid-732 gallery-columns-3 gallery-size-thumbnail'><dl class='gallery-item'>\n\t\t\t<dt class='gallery-icon landscape'>\n\t\t\t\t<a href='https:\/\/stonecrystal.com.br\/fulget\/wp-content\/uploads\/2022\/08\/101.jpeg' rel=\"lightbox[gallery-0]\"><img loading=\"lazy\" decoding=\"async\" width=\"150\" height=\"150\" src=\"https:\/\/stonecrystal.com.br\/fulget\/wp-content\/uploads\/2022\/08\/101-150x150.jpeg\" class=\"attachment-thumbnail size-thumbnail\" alt=\"CIMENTO QUEIMADO\" aria-describedby=\"gallery-1-738\" srcset=\"https:\/\/stonecrystal.com.br\/fulget\/wp-content\/uploads\/2022\/08\/101-150x150.jpeg 150w, https:\/\/stonecrystal.com.br\/fulget\/wp-content\/uploads\/2022\/08\/101-300x300.jpeg 300w, https:\/\/stonecrystal.com.br\/fulget\/wp-content\/uploads\/2022\/08\/101.jpeg 719w\" sizes=\"auto, (max-width: 150px) 100vw, 150px\" \/><\/a>\n\t\t\t<\/dt>\n\t\t\t\t<dd class='wp-caption-text gallery-caption' id='gallery-1-738'>\n\t\t\t\tCIMENTO QUEIMADO\n\t\t\t\t<\/dd><\/dl><dl class='gallery-item'>\n\t\t\t<dt class='gallery-icon portrait'>\n\t\t\t\t<a href='https:\/\/stonecrystal.com.br\/fulget\/wp-content\/uploads\/2022\/08\/102.jpeg' rel=\"lightbox[gallery-0]\"><img loading=\"lazy\" decoding=\"async\" width=\"150\" height=\"150\" src=\"https:\/\/stonecrystal.com.br\/fulget\/wp-content\/uploads\/2022\/08\/102-150x150.jpeg\" class=\"attachment-thumbnail size-thumbnail\" alt=\"CIMENTO QUEIMADO\" aria-describedby=\"gallery-1-739\" \/><\/a>\n\t\t\t<\/dt>\n\t\t\t\t<dd class='wp-caption-text gallery-caption' id='gallery-1-739'>\n\t\t\t\tCIMENTO QUEIMADO\n\t\t\t\t<\/dd><\/dl><dl class='gallery-item'>\n\t\t\t<dt class='gallery-icon portrait'>\n\t\t\t\t<a href='https:\/\/stonecrystal.com.br\/fulget\/wp-content\/uploads\/2022\/08\/103.jpeg' rel=\"lightbox[gallery-0]\"><img loading=\"lazy\" decoding=\"async\" width=\"150\" height=\"150\" src=\"https:\/\/stonecrystal.com.br\/fulget\/wp-content\/uploads\/2022\/08\/103-150x150.jpeg\" class=\"attachment-thumbnail size-thumbnail\" alt=\"CIMENTO QUEIMADO\" aria-describedby=\"gallery-1-740\" \/><\/a>\n\t\t\t<\/dt>\n\t\t\t\t<dd class='wp-caption-text gallery-caption' id='gallery-1-740'>\n\t\t\t\tCIMENTO QUEIMADO\n\t\t\t\t<\/dd><\/dl><br style=\"clear: both\" \/><dl class='gallery-item'>\n\t\t\t<dt class='gallery-icon landscape'>\n\t\t\t\t<a href='https:\/\/stonecrystal.com.br\/fulget\/wp-content\/uploads\/2022\/08\/104.jpeg' rel=\"lightbox[gallery-0]\"><img loading=\"lazy\" decoding=\"async\" width=\"150\" height=\"150\" src=\"https:\/\/stonecrystal.com.br\/fulget\/wp-content\/uploads\/2022\/08\/104-150x150.jpeg\" class=\"attachment-thumbnail size-thumbnail\" alt=\"CIMENTO QUEIMADO\" aria-describedby=\"gallery-1-741\" srcset=\"https:\/\/stonecrystal.com.br\/fulget\/wp-content\/uploads\/2022\/08\/104-150x150.jpeg 150w, https:\/\/stonecrystal.com.br\/fulget\/wp-content\/uploads\/2022\/08\/104-300x300.jpeg 300w, https:\/\/stonecrystal.com.br\/fulget\/wp-content\/uploads\/2022\/08\/104-1024x1024.jpeg 1024w, https:\/\/stonecrystal.com.br\/fulget\/wp-content\/uploads\/2022\/08\/104-768x768.jpeg 768w, https:\/\/stonecrystal.com.br\/fulget\/wp-content\/uploads\/2022\/08\/104.jpeg 1080w\" sizes=\"auto, (max-width: 150px) 100vw, 150px\" \/><\/a>\n\t\t\t<\/dt>\n\t\t\t\t<dd class='wp-caption-text gallery-caption' id='gallery-1-741'>\n\t\t\t\tCIMENTO QUEIMADO\n\t\t\t\t<\/dd><\/dl><dl class='gallery-item'>\n\t\t\t<dt class='gallery-icon portrait'>\n\t\t\t\t<a href='https:\/\/stonecrystal.com.br\/fulget\/wp-content\/uploads\/2022\/08\/100.jpeg' rel=\"lightbox[gallery-0]\"><img loading=\"lazy\" decoding=\"async\" width=\"150\" height=\"150\" src=\"https:\/\/stonecrystal.com.br\/fulget\/wp-content\/uploads\/2022\/08\/100-150x150.jpeg\" class=\"attachment-thumbnail size-thumbnail\" alt=\"CIMENTO QUEIMADO\" aria-describedby=\"gallery-1-737\" \/><\/a>\n\t\t\t<\/dt>\n\t\t\t\t<dd class='wp-caption-text gallery-caption' id='gallery-1-737'>\n\t\t\t\tCIMENTO QUEIMADO\n\t\t\t\t<\/dd><\/dl>\n\t\t\t<br style='clear: both' \/>\n\t\t<\/div>\n\n<h3 class=\"style2\">Sofistica\u00e7\u00e3o em revestimento de pisos e paredes com Cimento Queimado!<\/h3>\n<div class=\"su-note\"  style=\"border-color:#e5e5e5;border-radius:3px;-moz-border-radius:3px;-webkit-border-radius:3px;\"><div class=\"su-note-inner su-u-clearfix su-u-trim\" style=\"background-color:#ffffff;border-color:#ffffff;color:#333333;border-radius:3px;-moz-border-radius:3px;-webkit-border-radius:3px;\">\n<p><b>Conhe\u00e7a algumas vantagens da utiliza\u00e7\u00e3o de Cimento queimado em Pisos e Paredes:<\/b><\/p>\n<ul>\n<li><strong>Sensa\u00e7\u00e3o de amplitude ao ambiente<\/strong><\/li>\n<li><strong>Deixa o ambiente elegante, remetendo ao estilo industrial<\/strong><\/li>\n<li><strong>Pode ser usado in natura ou com cores <\/strong><\/li>\n<li><strong>Pode ser usado imediatamente \u00e0 instala\u00e7\u00e3o<\/strong><\/li>\n<li><b>Oferece baixo custo de manuten\u00e7\u00e3o <\/b><\/li>\n<li><strong>Oferece baix\u00edssimo custo de manuten\u00e7\u00e3o<\/strong><\/li>\n<li><strong>\u00c9 adequado para \u00e1reas internas ou externas<\/strong><\/li>\n<\/ul>\n<p>Nossa empresa fornece e instala, atendendo a arquitetos, engenheiros, construtores e s\u00edndicos de condom\u00ednios de todo o RJ.<br \/>\n<a href=\"https:\/\/web.whatsapp.com\/send?phone=5521966486654&amp;amp;text=Ol\u00e1! Acessei o site da Stone Crystal e gostaria de mais informa\u00e7\u00f5es sobre REVESTIMENTO CIMENTO QUEIMADO\" target=\"_blank\" rel=\"noopener\">Agende pelo Whatsapp<\/a> uma visita t\u00e9cnica sem compromisso:<br \/>\nser\u00e1 um prazer ir at\u00e9 sua obra ou condom\u00ednio fornecer um or\u00e7amento e cronograma de acordo com seu projeto ou obra.<\/p>\n<\/div><\/div>\n<div class=\"su-youtube su-u-responsive-media-yes\"><iframe loading=\"lazy\" width=\"600\" height=\"400\" src=\"https:\/\/www.youtube.com\/embed\/WybKkDGQG00?autohide=2&amp;autoplay=0&amp;mute=0&amp;controls=1&amp;fs=1&amp;loop=0&amp;modestbranding=0&amp;rel=1&amp;showinfo=1&amp;theme=dark&amp;wmode=&amp;playsinline=0\" frameborder=\"0\" allowfullscreen allow=\"autoplay; encrypted-media; picture-in-picture\" title=\"\"><\/iframe><\/div>\n<p>&nbsp;<\/p>\n<h3>A <a href=\"https:\/\/stonecrystal.com.br\/fulget\/\">Stone Crystal<\/a> \u00e9 refer\u00eancia no RJ em venda e instala\u00e7\u00e3o de revestimentos, incluindo linha de <a href=\"https:\/\/stonecrystal.com.br\/fulget\/cimento-queimado\/\">Cimento Queimado<\/a> e <a href=\"https:\/\/stonecrystal.com.br\/fulget\/fulget-em-pisos\/\">Fulget<\/a>, entregando seu piso instalado, acabado e\u00a0 100% pronto para uso!<br \/>\n<a href=\"https:\/\/stonecrystal.com.br\/fulget\/orcamentos\/\">Fale conosco<\/a> e solicite um or\u00e7amento de Cimento Queimado instalados por m\u00e3o de obra especializada.<\/h3>\n<div class=\"custombtn\" style=\"text-align:center\">\t\r\n\t   <a class=\"button\" href=\"https:\/\/web.whatsapp.com\/send?phone=5521966486654&amp;amp;text=Ol\u00e1! Acessei o site da Stone Crystal e gostaria de mais informa\u00e7\u00f5es sobre REVESTIMENTO CIMENTO QUEIMADO\" target=\"_blank\">SOLICITE OR\u00c7AMENTO WHATSAPP<\/a>\t   \t   \r\n\t<\/div>\n<p>&nbsp;<\/p>\n<p><a href=\"https:\/\/stonecrystal.com.br\/fulget\/orcamentos\/\"><img loading=\"lazy\" decoding=\"async\" class=\"alignnone size-large wp-image-749\" src=\"https:\/\/stonecrystal.com.br\/fulget\/wp-content\/uploads\/2022\/08\/slider-1024x595.jpg\" alt=\"CIMENTO QUEIMADO\" width=\"1024\" height=\"595\" srcset=\"https:\/\/stonecrystal.com.br\/fulget\/wp-content\/uploads\/2022\/08\/slider-1024x595.jpg 1024w, https:\/\/stonecrystal.com.br\/fulget\/wp-content\/uploads\/2022\/08\/slider-300x174.jpg 300w, https:\/\/stonecrystal.com.br\/fulget\/wp-content\/uploads\/2022\/08\/slider-768x446.jpg 768w, https:\/\/stonecrystal.com.br\/fulget\/wp-content\/uploads\/2022\/08\/slider.jpg 1400w\" sizes=\"auto, (max-width: 1024px) 100vw, 1024px\" \/><\/a><\/p>\n<p>Revestimento de pisos com Cimento Queimado, Revestimento de paredes com Cimento Queimado, Revestimento de cozinha com Cimento Queimado, Revestimento de sala com Cimento Queimado, Revestimento de banheiro com Cimento Queimado, Revestimento de escrit\u00f3rio com Cimento Queimado, instala\u00e7\u00e3o de Cimento Queimado RJ, empresa especializada em Cimento Queimado, pavimenta\u00e7\u00e3o de Cimento Queimado , Pisos Cimento Queimado para p\u00e1tio, Pisos Cimento Queimado, piso Cimento Queimado, Pisos Cimento Queimado para projetos de arquitetura, Piso Cimento Queimado em salas, Piso Cimento Queimado direto da F\u00e1brica, Pisos Cimento Queimado em cozinha, revestimento de Cimento Queimado, Pisos com Cimento Queimado,\u00a0 paredes com Cimento Queimado , Pisos Cimento Queimado no RJ, Piso Cimento Queimado onde Comprar, parede com Cimento Queimado , pisos Cimento Queimado custo, instala\u00e7\u00e3o Cimento Queimado, Cimento Queimado instala\u00e7\u00e3o Imediata, Compre Cimento Queimado, Piso Cimento Queimado para Arquitetos, Piso Cimento Queimado em residencal, Piso Cimento Queimado\u00a0 em cozinha, Piso Cimento Queimado\u00a0 em banheiro, Piso Cimento Queimado restaurante, Piso Cimento Queimado em Condom\u00ednios, vantagem Piso Cimento Queimado, paredes com Cimento Queimado, pisos com Cimento Queimado, Cimento Queimado Colorido, Cimento Queimado Pavimenta\u00e7\u00e3o condom\u00ednio, Menor Pre\u00e7o Cimento Queimado<\/p>\n","protected":false},"excerpt":{"rendered":"<p>Revestimento Cimento Queimado Op\u00e7\u00e3o em alta entre os melhores arquitetos, o revestimento utilizando Cimento Queimado apresenta uma est\u00e9tica moderna, com conceito r\u00fastico, remetendo ao estilo industrial, muito utilizado em projetos de bom gosto para conferir nuances de neutralidade e sofistica\u00e7\u00e3o ao ambiente, sendo cada vez mais utilizado em projetos de alto padr\u00e3o. Proporciona ainda sensa\u00e7\u00e3o de amplitude ao ambiente, al\u00e9m de possibilidade de personalizar tonalidade e textura, criando um revestimento \u00fanico e personalizado para projetos residenciais ou comerciais. O Cimento Queimado \u00e9 muito procurado como op\u00e7\u00e3o para revestimento de pisos ou paredes de cozinhas, salas e varandas, al\u00e9m de ser&#8230; <\/p>\n","protected":false},"author":1,"featured_media":0,"parent":0,"menu_order":0,"comment_status":"closed","ping_status":"closed","template":"","meta":{"footnotes":"","_links_to":"","_links_to_target":""},"class_list":["post-732","page","type-page","status-publish","hentry"],"_links":{"self":[{"href":"https:\/\/stonecrystal.com.br\/fulget\/wp-json\/wp\/v2\/pages\/732","targetHints":{"allow":["GET"]}}],"collection":[{"href":"https:\/\/stonecrystal.com.br\/fulget\/wp-json\/wp\/v2\/pages"}],"about":[{"href":"https:\/\/stonecrystal.com.br\/fulget\/wp-json\/wp\/v2\/types\/page"}],"author":[{"embeddable":true,"href":"https:\/\/stonecrystal.com.br\/fulget\/wp-json\/wp\/v2\/users\/1"}],"replies":[{"embeddable":true,"href":"https:\/\/stonecrystal.com.br\/fulget\/wp-json\/wp\/v2\/comments?post=732"}],"version-history":[{"count":25,"href":"https:\/\/stonecrystal.com.br\/fulget\/wp-json\/wp\/v2\/pages\/732\/revisions"}],"predecessor-version":[{"id":788,"href":"https:\/\/stonecrystal.com.br\/fulget\/wp-json\/wp\/v2\/pages\/732\/revisions\/788"}],"wp:attachment":[{"href":"https:\/\/stonecrystal.com.br\/fulget\/wp-json\/wp\/v2\/media?parent=732"}],"curies":[{"name":"wp","href":"https:\/\/api.w.org\/{rel}","templated":true}]}}