{"id":823,"date":"2023-03-14T14:25:12","date_gmt":"2023-03-14T17:25:12","guid":{"rendered":"https:\/\/stonecrystal.com.br\/fulget\/?page_id=823"},"modified":"2023-06-28T14:31:54","modified_gmt":"2023-06-28T17:31:54","slug":"produtos","status":"publish","type":"page","link":"https:\/\/stonecrystal.com.br\/fulget\/produtos\/","title":{"rendered":"Produtos"},"content":{"rendered":"<h3 class=\"style2\">Massa Fulget Resinada<\/h3>\n<p>Al\u00e9m de atuar na sua obra, <a href=\"https:\/\/stonecrystal.com.br\/fulget\/revestimento-fulget\/\">fazendo toda a instala\u00e7\u00e3o do revestimento Fulget<\/a> em pisos, paredes e piscinas, n\u00f3s <strong>fabricamos e despachamos para todo o Brasil a Massa de Fulget Resinada<\/strong>, produzidos com a qualidade que faz da <strong>Stone Crystal<\/strong> uma empresa de refer\u00eancia em revestimentos Fulget.<br \/>\nNossa <strong>massa de Fulget resinada<\/strong> se destaca pela alta qualidade, resultando em material hidro-repelente, de alta resist\u00eancia e durabilidade!<a href=\"https:\/\/stonecrystal.com.br\/fulget\/wp-content\/uploads\/2023\/03\/balde1.png\" rel=\"lightbox-0\"><img loading=\"lazy\" decoding=\"async\" class=\"aligncenter wp-image-829 size-full\" src=\"https:\/\/stonecrystal.com.br\/fulget\/wp-content\/uploads\/2023\/03\/balde1.png\" alt=\"Massa de Fulget Resinado\" width=\"800\" height=\"800\" srcset=\"https:\/\/stonecrystal.com.br\/fulget\/wp-content\/uploads\/2023\/03\/balde1.png 800w, https:\/\/stonecrystal.com.br\/fulget\/wp-content\/uploads\/2023\/03\/balde1-300x300.png 300w, https:\/\/stonecrystal.com.br\/fulget\/wp-content\/uploads\/2023\/03\/balde1-150x150.png 150w, https:\/\/stonecrystal.com.br\/fulget\/wp-content\/uploads\/2023\/03\/balde1-768x768.png 768w\" sizes=\"auto, (max-width: 800px) 100vw, 800px\" \/><\/a><div class=\"su-note\"  style=\"border-color:#e5e5e5;border-radius:3px;-moz-border-radius:3px;-webkit-border-radius:3px;\"><div class=\"su-note-inner su-u-clearfix su-u-trim\" style=\"background-color:#ffffff;border-color:#ffffff;color:#333333;border-radius:3px;-moz-border-radius:3px;-webkit-border-radius:3px;\">\n<h3><strong>Apresenta\u00e7\u00e3o:<\/strong><\/h3>\n<p>Balde com 30kg<\/p>\n<h3><strong>Rendimento:<\/strong><\/h3>\n<p>Rende at\u00e9 3,5m\u00b2 para piso e 6m\u00b2 para parede<\/p>\n<h3>Op\u00e7\u00f5es de Frete<\/h3>\n<p>RJ \/ Capital: R$100,00<br \/>\nFora do Rio &#8211;\u00a0 Or\u00e7amento com transportadoras.<\/p>\n<div class=\"custombtn\" style=\"text-align:center\">\t\r\n\t   <a class=\"button\" href=\"https:\/\/web.whatsapp.com\/send?phone=5521966486654&amp;amp;text=Ol\u00e1! Acessei o site da Stone Crystal e gostaria de mais informa\u00e7\u00f5es sobre PRODUTOS DA STONE CRYSTAL\" target=\"_blank\">SOLICITE OR\u00c7AMENTO WHATSAPP<\/a>\t   \t   \r\n\t<\/div>\n<\/div><\/div>\n<ul>\n<li><strong>Adquira conosco a Massa de Fulget Resinada da Stone Crystal<\/strong><\/li>\n<li><strong>Despachamos para todo Brasil<\/strong><\/li>\n<li><strong><a href=\"https:\/\/web.whatsapp.com\/send?phone=5521966486654&amp;amp;text=Ol\u00e1! Acessei o site da Stone Crystal e gostaria de mais informa\u00e7\u00f5es sobre PRODUTOS DA STONE CRYSTAL&quot;\">Clique aqui e pe\u00e7a nossa Massa de Fulget Resinada<\/a><\/strong><\/li>\n<\/ul>\n","protected":false},"excerpt":{"rendered":"<p>Massa Fulget Resinada Al\u00e9m de atuar na sua obra, fazendo toda a instala\u00e7\u00e3o do revestimento Fulget em pisos, paredes e piscinas, n\u00f3s fabricamos e despachamos para todo o Brasil a Massa de Fulget Resinada, produzidos com a qualidade que faz da Stone Crystal uma empresa de refer\u00eancia em revestimentos Fulget. Nossa massa de Fulget resinada se destaca pela alta qualidade, resultando em material hidro-repelente, de alta resist\u00eancia e durabilidade! Adquira conosco a Massa de Fulget Resinada da Stone Crystal Despachamos para todo Brasil Clique aqui e pe\u00e7a nossa Massa de Fulget Resinada<\/p>\n","protected":false},"author":1,"featured_media":0,"parent":0,"menu_order":0,"comment_status":"closed","ping_status":"closed","template":"","meta":{"footnotes":"","_links_to":"","_links_to_target":""},"class_list":["post-823","page","type-page","status-publish","hentry"],"_links":{"self":[{"href":"https:\/\/stonecrystal.com.br\/fulget\/wp-json\/wp\/v2\/pages\/823","targetHints":{"allow":["GET"]}}],"collection":[{"href":"https:\/\/stonecrystal.com.br\/fulget\/wp-json\/wp\/v2\/pages"}],"about":[{"href":"https:\/\/stonecrystal.com.br\/fulget\/wp-json\/wp\/v2\/types\/page"}],"author":[{"embeddable":true,"href":"https:\/\/stonecrystal.com.br\/fulget\/wp-json\/wp\/v2\/users\/1"}],"replies":[{"embeddable":true,"href":"https:\/\/stonecrystal.com.br\/fulget\/wp-json\/wp\/v2\/comments?post=823"}],"version-history":[{"count":11,"href":"https:\/\/stonecrystal.com.br\/fulget\/wp-json\/wp\/v2\/pages\/823\/revisions"}],"predecessor-version":[{"id":859,"href":"https:\/\/stonecrystal.com.br\/fulget\/wp-json\/wp\/v2\/pages\/823\/revisions\/859"}],"wp:attachment":[{"href":"https:\/\/stonecrystal.com.br\/fulget\/wp-json\/wp\/v2\/media?parent=823"}],"curies":[{"name":"wp","href":"https:\/\/api.w.org\/{rel}","templated":true}]}}